{"id":147,"date":"2017-06-07T13:47:45","date_gmt":"2017-06-07T13:47:45","guid":{"rendered":"http:\/\/neu.feuerwehr-iversheim.de\/?page_id=147"},"modified":"2021-05-04T20:42:49","modified_gmt":"2021-05-04T18:42:49","slug":"aufklaerung","status":"publish","type":"page","link":"https:\/\/www.feuerwehr-iversheim.de\/?page_id=147","title":{"rendered":"Aufkl\u00e4rung"},"content":{"rendered":"\n<p><strong>Das sollten Sie wissen&#8230;   <\/strong><\/p>\n\n\n\n<p>Die meisten gef\u00e4hrlichen Situation entstehen durch unachtsames  Verhalten oder durch Unwissen. Meist f\u00fchrt die Reaktion dann zu weiteren  Fehlern, durch die aus einer noch zu kontrollierenden eine  lebensgef\u00e4hrliche Situation entsteht. Um solchen fatalen Fehlern  vorbeugen zu k\u00f6nnen, ist es wichtig sich \u00fcber solche m\u00f6gliche Gefahren  zu informieren und  auch seine Mitmenschen auf diese Gefahren, die im  allt\u00e4glichen Leben bestehen, hinzuweisen. Nur so k\u00f6nnen viele  gef\u00e4hrliche Situationen entsch\u00e4rft werden. Auf diesen Seiten finden Sie  viele Hinweise wie Sie in gef\u00e4hrlichen Situation besonnen reagieren  k\u00f6nnen und durch Ihr Verhalten Gegenst\u00e4nde und Geb\u00e4ude, aber vor allem  auch Menschen- und Tierleben retten k\u00f6nnen!<\/p>\n\n\n\n<ul class=\"wp-block-list\"><li><a href=\"https:\/\/www.feuerwehr-iversheim.de\/?page_id=3112\">Abraumverbrennung<\/a><\/li><li><a href=\"https:\/\/www.feuerwehr-iversheim.de\/?page_id=3108\">Alarmierung<\/a><\/li><li><a href=\"https:\/\/www.feuerwehr-iversheim.de\/?page_id=3135\">Brandursachen<\/a><\/li><li><a href=\"https:\/\/www.feuerwehr-iversheim.de\/?page_id=3132\">Fettbr\u00e4nde<\/a><\/li><li><a href=\"https:\/\/www.feuerwehr-iversheim.de\/?page_id=3116\">Feuerl\u00f6scher<\/a><\/li><li><a href=\"https:\/\/www.feuerwehr-iversheim.de\/?page_id=3129\">Feuer im Hotel<\/a><\/li><li><a href=\"https:\/\/www.feuerwehr-iversheim.de\/?page_id=3158\">Gasmelder<\/a><\/li><li><a href=\"https:\/\/www.feuerwehr-iversheim.de\/?page_id=3150\">Himmelslaternen<\/a> <\/li><li><a href=\"https:\/\/www.feuerwehr-iversheim.de\/?page_id=3153\">Kaminbrand<\/a><\/li><li><a href=\"https:\/\/www.feuerwehr-iversheim.de\/?page_id=3174\">Katwarn<\/a><\/li><li><a href=\"https:\/\/www.feuerwehr-iversheim.de\/?page_id=3908\">Kohlenmonoxid<\/a><\/li><li><a href=\"https:\/\/www.feuerwehr-iversheim.de\/?page_id=3161\">Rauchmelder<\/a><\/li><li><a href=\"https:\/\/www.feuerwehr-iversheim.de\/?page_id=3143\">Silvester<\/a><\/li><li><a href=\"https:\/\/www.feuerwehr-iversheim.de\/?page_id=3156\">Spiel mit dem Feuer<\/a><\/li><li><a href=\"https:\/\/www.feuerwehr-iversheim.de\/?page_id=3146\">Weihnachtszeit<\/a><\/li><li><a href=\"https:\/\/www.feuerwehr-iversheim.de\/?page_id=3165\">Zwei Minuten entscheiden<\/a><\/li><\/ul>\n\n\n\n<p><\/p>\n","protected":false},"excerpt":{"rendered":"<p>Das sollten Sie wissen&#8230; Die meisten gef\u00e4hrlichen Situation entstehen durch unachtsames Verhalten oder durch Unwissen. Meist f\u00fchrt die Reaktion dann zu weiteren Fehlern, durch die aus einer noch zu kontrollierenden <a class=\"more-link\" href=\"https:\/\/www.feuerwehr-iversheim.de\/?page_id=147\">Weiterlesen \u2192<\/a><\/p>\n","protected":false},"author":1,"featured_media":0,"parent":0,"menu_order":0,"comment_status":"closed","ping_status":"closed","template":"","meta":{"footnotes":""},"class_list":["post-147","page","type-page","status-publish","hentry"],"_links":{"self":[{"href":"https:\/\/www.feuerwehr-iversheim.de\/index.php?rest_route=\/wp\/v2\/pages\/147","targetHints":{"allow":["GET"]}}],"collection":[{"href":"https:\/\/www.feuerwehr-iversheim.de\/index.php?rest_route=\/wp\/v2\/pages"}],"about":[{"href":"https:\/\/www.feuerwehr-iversheim.de\/index.php?rest_route=\/wp\/v2\/types\/page"}],"author":[{"embeddable":true,"href":"https:\/\/www.feuerwehr-iversheim.de\/index.php?rest_route=\/wp\/v2\/users\/1"}],"replies":[{"embeddable":true,"href":"https:\/\/www.feuerwehr-iversheim.de\/index.php?rest_route=%2Fwp%2Fv2%2Fcomments&post=147"}],"version-history":[{"count":15,"href":"https:\/\/www.feuerwehr-iversheim.de\/index.php?rest_route=\/wp\/v2\/pages\/147\/revisions"}],"predecessor-version":[{"id":4386,"href":"https:\/\/www.feuerwehr-iversheim.de\/index.php?rest_route=\/wp\/v2\/pages\/147\/revisions\/4386"}],"wp:attachment":[{"href":"https:\/\/www.feuerwehr-iversheim.de\/index.php?rest_route=%2Fwp%2Fv2%2Fmedia&parent=147"}],"curies":[{"name":"wp","href":"https:\/\/api.w.org\/{rel}","templated":true}]}}