{"id":250,"date":"2019-02-11T00:00:19","date_gmt":"2019-02-10T23:00:19","guid":{"rendered":"http:\/\/neu.feuerwehr-iversheim.de\/?page_id=250"},"modified":"2025-06-09T11:57:05","modified_gmt":"2025-06-09T09:57:05","slug":"startseite","status":"publish","type":"page","link":"https:\/\/www.feuerwehr-iversheim.de\/","title":{"rendered":"Startseite"},"content":{"rendered":"\n<p class=\"has-text-align-center\"><strong>Herzlich Willkommen auf der Internetpr\u00e4senz der L\u00f6schgruppe Iversheim<\/strong> <\/p>\n\n\n\n<figure class=\"wp-block-image size-large\"><img loading=\"lazy\" decoding=\"async\" width=\"724\" height=\"1024\" src=\"https:\/\/www.feuerwehr-iversheim.de\/wp-content\/uploads\/2025\/06\/FW-Fest-2025-724x1024.jpeg\" alt=\"\" class=\"wp-image-4918\" srcset=\"https:\/\/www.feuerwehr-iversheim.de\/wp-content\/uploads\/2025\/06\/FW-Fest-2025-724x1024.jpeg 724w, https:\/\/www.feuerwehr-iversheim.de\/wp-content\/uploads\/2025\/06\/FW-Fest-2025-212x300.jpeg 212w, https:\/\/www.feuerwehr-iversheim.de\/wp-content\/uploads\/2025\/06\/FW-Fest-2025-768x1086.jpeg 768w, https:\/\/www.feuerwehr-iversheim.de\/wp-content\/uploads\/2025\/06\/FW-Fest-2025-1086x1536.jpeg 1086w, https:\/\/www.feuerwehr-iversheim.de\/wp-content\/uploads\/2025\/06\/FW-Fest-2025.jpeg 1414w\" sizes=\"auto, (max-width: 724px) 100vw, 724px\" \/><\/figure>\n\n\n\n<hr class=\"wp-block-separator has-alpha-channel-opacity\"\/>\n\n\n\n<figure class=\"wp-block-image size-large\"><img loading=\"lazy\" decoding=\"async\" width=\"724\" height=\"1024\" src=\"https:\/\/www.feuerwehr-iversheim.de\/wp-content\/uploads\/2024\/06\/Feuerwehrfest_Iversheim_2024-724x1024.jpg\" alt=\"\" class=\"wp-image-4856\" srcset=\"https:\/\/www.feuerwehr-iversheim.de\/wp-content\/uploads\/2024\/06\/Feuerwehrfest_Iversheim_2024-724x1024.jpg 724w, https:\/\/www.feuerwehr-iversheim.de\/wp-content\/uploads\/2024\/06\/Feuerwehrfest_Iversheim_2024-212x300.jpg 212w, https:\/\/www.feuerwehr-iversheim.de\/wp-content\/uploads\/2024\/06\/Feuerwehrfest_Iversheim_2024-768x1086.jpg 768w, https:\/\/www.feuerwehr-iversheim.de\/wp-content\/uploads\/2024\/06\/Feuerwehrfest_Iversheim_2024-1086x1536.jpg 1086w, https:\/\/www.feuerwehr-iversheim.de\/wp-content\/uploads\/2024\/06\/Feuerwehrfest_Iversheim_2024-1448x2048.jpg 1448w, https:\/\/www.feuerwehr-iversheim.de\/wp-content\/uploads\/2024\/06\/Feuerwehrfest_Iversheim_2024.jpg 1754w\" sizes=\"auto, (max-width: 724px) 100vw, 724px\" \/><\/figure>\n\n\n\n<hr class=\"wp-block-separator has-alpha-channel-opacity\"\/>\n\n\n\n<p class=\"has-text-align-center\"><strong>Tag der offenen T\u00fcr (Feuerwehrfest) 2023<\/strong><br>Fahrzeugeinsegnung, Ehrungen und Ernennungen,<br>Freunde vom THW OV Gelsenkirchen<\/p>\n\n\n\n<figure class=\"wp-block-image size-large\"><a href=\"https:\/\/www.feuerwehr-iversheim.de\/wp-content\/uploads\/2023\/07\/grafik-2.png\"><img loading=\"lazy\" decoding=\"async\" width=\"1024\" height=\"683\" src=\"https:\/\/www.feuerwehr-iversheim.de\/wp-content\/uploads\/2023\/07\/grafik-2-1024x683.png\" alt=\"\" class=\"wp-image-4732\" srcset=\"https:\/\/www.feuerwehr-iversheim.de\/wp-content\/uploads\/2023\/07\/grafik-2-1024x683.png 1024w, https:\/\/www.feuerwehr-iversheim.de\/wp-content\/uploads\/2023\/07\/grafik-2-300x200.png 300w, https:\/\/www.feuerwehr-iversheim.de\/wp-content\/uploads\/2023\/07\/grafik-2-768x512.png 768w, https:\/\/www.feuerwehr-iversheim.de\/wp-content\/uploads\/2023\/07\/grafik-2-1536x1024.png 1536w, https:\/\/www.feuerwehr-iversheim.de\/wp-content\/uploads\/2023\/07\/grafik-2-2048x1365.png 2048w\" sizes=\"auto, (max-width: 1024px) 100vw, 1024px\" \/><\/a><\/figure>\n\n\n\n<figure class=\"wp-block-image size-large\"><img loading=\"lazy\" decoding=\"async\" width=\"1024\" height=\"683\" src=\"https:\/\/www.feuerwehr-iversheim.de\/wp-content\/uploads\/2023\/07\/grafik-3-1024x683.png\" alt=\"\" class=\"wp-image-4734\" srcset=\"https:\/\/www.feuerwehr-iversheim.de\/wp-content\/uploads\/2023\/07\/grafik-3-1024x683.png 1024w, https:\/\/www.feuerwehr-iversheim.de\/wp-content\/uploads\/2023\/07\/grafik-3-300x200.png 300w, https:\/\/www.feuerwehr-iversheim.de\/wp-content\/uploads\/2023\/07\/grafik-3-768x512.png 768w, https:\/\/www.feuerwehr-iversheim.de\/wp-content\/uploads\/2023\/07\/grafik-3-1536x1024.png 1536w, https:\/\/www.feuerwehr-iversheim.de\/wp-content\/uploads\/2023\/07\/grafik-3-2048x1365.png 2048w\" sizes=\"auto, (max-width: 1024px) 100vw, 1024px\" \/><\/figure>\n\n\n\n<figure class=\"wp-block-image size-large\"><img loading=\"lazy\" decoding=\"async\" width=\"1024\" height=\"683\" src=\"https:\/\/www.feuerwehr-iversheim.de\/wp-content\/uploads\/2023\/07\/grafik-1-1024x683.png\" alt=\"\" class=\"wp-image-4731\" srcset=\"https:\/\/www.feuerwehr-iversheim.de\/wp-content\/uploads\/2023\/07\/grafik-1-1024x683.png 1024w, https:\/\/www.feuerwehr-iversheim.de\/wp-content\/uploads\/2023\/07\/grafik-1-300x200.png 300w, https:\/\/www.feuerwehr-iversheim.de\/wp-content\/uploads\/2023\/07\/grafik-1-768x512.png 768w, https:\/\/www.feuerwehr-iversheim.de\/wp-content\/uploads\/2023\/07\/grafik-1-1536x1024.png 1536w, https:\/\/www.feuerwehr-iversheim.de\/wp-content\/uploads\/2023\/07\/grafik-1-2048x1365.png 2048w\" sizes=\"auto, (max-width: 1024px) 100vw, 1024px\" \/><\/figure>\n\n\n\n<hr class=\"wp-block-separator has-css-opacity\"\/>\n\n\n\n<p class=\"has-text-align-center\"><strong>Unwetterkatastrophe 2021<\/strong><\/p>\n\n\n\n<figure class=\"wp-block-gallery has-nested-images columns-5 is-cropped wp-block-gallery-1 is-layout-flex wp-block-gallery-is-layout-flex\">\n<figure class=\"wp-block-image size-large\"><img loading=\"lazy\" decoding=\"async\" width=\"1024\" height=\"1024\" data-id=\"4415\" src=\"https:\/\/www.feuerwehr-iversheim.de\/wp-content\/uploads\/2021\/08\/Hochwasser_2021_03-1024x1024.jpg\" alt=\"\" class=\"wp-image-4415\" srcset=\"https:\/\/www.feuerwehr-iversheim.de\/wp-content\/uploads\/2021\/08\/Hochwasser_2021_03-1024x1024.jpg 1024w, https:\/\/www.feuerwehr-iversheim.de\/wp-content\/uploads\/2021\/08\/Hochwasser_2021_03-300x300.jpg 300w, https:\/\/www.feuerwehr-iversheim.de\/wp-content\/uploads\/2021\/08\/Hochwasser_2021_03-150x150.jpg 150w, https:\/\/www.feuerwehr-iversheim.de\/wp-content\/uploads\/2021\/08\/Hochwasser_2021_03-768x768.jpg 768w, https:\/\/www.feuerwehr-iversheim.de\/wp-content\/uploads\/2021\/08\/Hochwasser_2021_03.jpg 1074w\" sizes=\"auto, (max-width: 1024px) 100vw, 1024px\" \/><\/figure>\n\n\n\n<figure class=\"wp-block-image size-large\"><img loading=\"lazy\" decoding=\"async\" width=\"768\" height=\"1024\" data-id=\"4414\" src=\"https:\/\/www.feuerwehr-iversheim.de\/wp-content\/uploads\/2021\/08\/Hochwasser_2021_02-768x1024.jpg\" alt=\"\" class=\"wp-image-4414\" srcset=\"https:\/\/www.feuerwehr-iversheim.de\/wp-content\/uploads\/2021\/08\/Hochwasser_2021_02-768x1024.jpg 768w, https:\/\/www.feuerwehr-iversheim.de\/wp-content\/uploads\/2021\/08\/Hochwasser_2021_02-225x300.jpg 225w, https:\/\/www.feuerwehr-iversheim.de\/wp-content\/uploads\/2021\/08\/Hochwasser_2021_02-1152x1536.jpg 1152w, https:\/\/www.feuerwehr-iversheim.de\/wp-content\/uploads\/2021\/08\/Hochwasser_2021_02.jpg 1200w\" sizes=\"auto, (max-width: 768px) 100vw, 768px\" \/><\/figure>\n\n\n\n<figure class=\"wp-block-image size-large\"><img loading=\"lazy\" decoding=\"async\" width=\"768\" height=\"1024\" data-id=\"4412\" src=\"https:\/\/www.feuerwehr-iversheim.de\/wp-content\/uploads\/2021\/08\/Hochwasser_2021_01-768x1024.jpg\" alt=\"\" class=\"wp-image-4412\" srcset=\"https:\/\/www.feuerwehr-iversheim.de\/wp-content\/uploads\/2021\/08\/Hochwasser_2021_01-768x1024.jpg 768w, https:\/\/www.feuerwehr-iversheim.de\/wp-content\/uploads\/2021\/08\/Hochwasser_2021_01-225x300.jpg 225w, https:\/\/www.feuerwehr-iversheim.de\/wp-content\/uploads\/2021\/08\/Hochwasser_2021_01-1152x1536.jpg 1152w, https:\/\/www.feuerwehr-iversheim.de\/wp-content\/uploads\/2021\/08\/Hochwasser_2021_01.jpg 1200w\" sizes=\"auto, (max-width: 768px) 100vw, 768px\" \/><\/figure>\n\n\n\n<figure class=\"wp-block-image size-large\"><img loading=\"lazy\" decoding=\"async\" width=\"674\" height=\"960\" data-id=\"4418\" src=\"https:\/\/www.feuerwehr-iversheim.de\/wp-content\/uploads\/2021\/08\/Hochwasser_2021_05.jpg\" alt=\"\" class=\"wp-image-4418\" srcset=\"https:\/\/www.feuerwehr-iversheim.de\/wp-content\/uploads\/2021\/08\/Hochwasser_2021_05.jpg 674w, https:\/\/www.feuerwehr-iversheim.de\/wp-content\/uploads\/2021\/08\/Hochwasser_2021_05-211x300.jpg 211w\" sizes=\"auto, (max-width: 674px) 100vw, 674px\" \/><\/figure>\n<\/figure>\n\n\n\n<p class=\"has-text-align-center\"><br><a rel=\"noreferrer noopener\" href=\"https:\/\/www1.wdr.de\/fernsehen\/lokalzeit\/bonn\/videos\/to-go\/video-unwetterschaeden-in-bad-muenstereifel-iversheim-100.html\" target=\"_blank\">https:\/\/www1.wdr.de\/fernsehen\/lokalzeit\/bonn\/videos\/to-go\/video-unwetterschaeden-in-bad-muenstereifel-iversheim-100.html<\/a><br><br><a rel=\"noreferrer noopener\" href=\"https:\/\/www.youtube.com\/watch?v=-CUPq_y8lCk\" target=\"_blank\">https:\/\/www.youtube.com\/watch?v=-CUPq_y8lCk<\/a><br><br><strong>Spenden:<\/strong><br><br>Es gibt nach wie vor die M\u00f6glichkeit den \u00f6rtlichen Wiederaufbau in Form von Geldspenden zu unterst\u00fctzen. Damit diese zweckgebunden und sinngem\u00e4\u00df verwendet werden k\u00f6nnen, muss auf dem \u00dcberweisungstr\u00e4ger das Stichwort: &#8222;Wiederaufbauhilfe Iversheim&#8220; stehen.<br><br>Das Konto f\u00fchrt die B\u00fcrgerstiftung Bad M\u00fcnstereifel<br>IBAN: DE34 3825 0110 0001 6528 66<br>BIC: WELADED1EUS<br>Kreissparkasse Euskirchen<br><br>Bitte geben Sie Ihre Adresse mit an, dann erhalten Sie eine Spendenbescheinigung.<\/p>\n\n\n\n<hr class=\"wp-block-separator has-css-opacity\"\/>\n\n\n\n<p class=\"has-text-align-center\"><strong>Unser neues Einsatzfahrzeug ist eingetroffen<\/strong><br><a rel=\"noreferrer noopener\" href=\"https:\/\/www.ziegler.de\/de\/news-infos\/ziegler-tsf-w-an-die-ff-bad-muenstereifel\" target=\"_blank\">https:\/\/www.ziegler.de\/de\/news-infos\/ziegler-tsf-w-an-die-ff-bad-muenstereifel<\/a><\/p>\n\n\n\n<figure class=\"wp-block-image size-large\"><img loading=\"lazy\" decoding=\"async\" width=\"1024\" height=\"683\" src=\"https:\/\/www.feuerwehr-iversheim.de\/wp-content\/uploads\/2020\/05\/TSFW_2020_01-1024x683.jpg\" alt=\"\" class=\"wp-image-4176\" srcset=\"https:\/\/www.feuerwehr-iversheim.de\/wp-content\/uploads\/2020\/05\/TSFW_2020_01-1024x683.jpg 1024w, https:\/\/www.feuerwehr-iversheim.de\/wp-content\/uploads\/2020\/05\/TSFW_2020_01-300x200.jpg 300w, https:\/\/www.feuerwehr-iversheim.de\/wp-content\/uploads\/2020\/05\/TSFW_2020_01-768x512.jpg 768w, https:\/\/www.feuerwehr-iversheim.de\/wp-content\/uploads\/2020\/05\/TSFW_2020_01.jpg 1417w\" sizes=\"auto, (max-width: 1024px) 100vw, 1024px\" \/><\/figure>\n\n\n\n\t\t<style type=\"text\/css\">\n\t\t\t#gallery-1 {\n\t\t\t\tmargin: auto;\n\t\t\t}\n\t\t\t#gallery-1 .gallery-item {\n\t\t\t\tfloat: left;\n\t\t\t\tmargin-top: 10px;\n\t\t\t\ttext-align: center;\n\t\t\t\twidth: 16%;\n\t\t\t}\n\t\t\t#gallery-1 img {\n\t\t\t\tborder: 2px solid #cfcfcf;\n\t\t\t}\n\t\t\t#gallery-1 .gallery-caption {\n\t\t\t\tmargin-left: 0;\n\t\t\t}\n\t\t\t\/* see gallery_shortcode() in wp-includes\/media.php *\/\n\t\t<\/style>\n\t\t<div id='gallery-1' class='gallery galleryid-250 gallery-columns-6 gallery-size-thumbnail'><dl class='gallery-item'>\n\t\t\t<dt class='gallery-icon landscape'>\n\t\t\t\t<a href='https:\/\/www.feuerwehr-iversheim.de\/wp-content\/uploads\/2020\/05\/TSFW_2020_01.jpg'><img loading=\"lazy\" decoding=\"async\" width=\"150\" height=\"150\" src=\"https:\/\/www.feuerwehr-iversheim.de\/wp-content\/uploads\/2020\/05\/TSFW_2020_01-150x150.jpg\" class=\"attachment-thumbnail size-thumbnail\" alt=\"\" \/><\/a>\n\t\t\t<\/dt><\/dl><dl class='gallery-item'>\n\t\t\t<dt class='gallery-icon landscape'>\n\t\t\t\t<a href='https:\/\/www.feuerwehr-iversheim.de\/wp-content\/uploads\/2020\/05\/TSFW_2020_02.jpg'><img loading=\"lazy\" decoding=\"async\" width=\"150\" height=\"150\" src=\"https:\/\/www.feuerwehr-iversheim.de\/wp-content\/uploads\/2020\/05\/TSFW_2020_02-150x150.jpg\" class=\"attachment-thumbnail size-thumbnail\" alt=\"\" \/><\/a>\n\t\t\t<\/dt><\/dl><dl class='gallery-item'>\n\t\t\t<dt class='gallery-icon landscape'>\n\t\t\t\t<a href='https:\/\/www.feuerwehr-iversheim.de\/wp-content\/uploads\/2020\/05\/TSFW_2020_03.jpg'><img loading=\"lazy\" decoding=\"async\" width=\"150\" height=\"150\" src=\"https:\/\/www.feuerwehr-iversheim.de\/wp-content\/uploads\/2020\/05\/TSFW_2020_03-150x150.jpg\" class=\"attachment-thumbnail size-thumbnail\" alt=\"\" \/><\/a>\n\t\t\t<\/dt><\/dl><dl class='gallery-item'>\n\t\t\t<dt class='gallery-icon portrait'>\n\t\t\t\t<a href='https:\/\/www.feuerwehr-iversheim.de\/wp-content\/uploads\/2020\/05\/TSFW_2020_04.jpg'><img loading=\"lazy\" decoding=\"async\" width=\"150\" height=\"150\" src=\"https:\/\/www.feuerwehr-iversheim.de\/wp-content\/uploads\/2020\/05\/TSFW_2020_04-150x150.jpg\" class=\"attachment-thumbnail size-thumbnail\" alt=\"\" \/><\/a>\n\t\t\t<\/dt><\/dl><dl class='gallery-item'>\n\t\t\t<dt class='gallery-icon portrait'>\n\t\t\t\t<a href='https:\/\/www.feuerwehr-iversheim.de\/wp-content\/uploads\/2020\/05\/TSFW_2020_05.jpg'><img loading=\"lazy\" decoding=\"async\" width=\"150\" height=\"150\" src=\"https:\/\/www.feuerwehr-iversheim.de\/wp-content\/uploads\/2020\/05\/TSFW_2020_05-150x150.jpg\" class=\"attachment-thumbnail size-thumbnail\" alt=\"\" \/><\/a>\n\t\t\t<\/dt><\/dl><dl class='gallery-item'>\n\t\t\t<dt class='gallery-icon landscape'>\n\t\t\t\t<a href='https:\/\/www.feuerwehr-iversheim.de\/wp-content\/uploads\/2020\/05\/TSFW_2020_06.jpg'><img loading=\"lazy\" decoding=\"async\" width=\"150\" height=\"150\" src=\"https:\/\/www.feuerwehr-iversheim.de\/wp-content\/uploads\/2020\/05\/TSFW_2020_06-150x150.jpg\" class=\"attachment-thumbnail size-thumbnail\" alt=\"\" \/><\/a>\n\t\t\t<\/dt><\/dl><br style=\"clear: both\" \/>\n\t\t<\/div>\n\n\n\n<hr class=\"wp-block-separator has-css-opacity\"\/>\n\n\n\n<p><strong>Alte Beitr\u00e4ge der Startseite finden Sie <\/strong><a href=\"http:\/\/www.feuerwehr-iversheim.de\/?page_id=2768\"><strong>HIER<\/strong><\/a><\/p>\n","protected":false},"excerpt":{"rendered":"<p>Herzlich Willkommen auf der Internetpr\u00e4senz der L\u00f6schgruppe Iversheim Tag der offenen T\u00fcr (Feuerwehrfest) 2023Fahrzeugeinsegnung, Ehrungen und Ernennungen,Freunde vom THW OV Gelsenkirchen Unwetterkatastrophe 2021 https:\/\/www1.wdr.de\/fernsehen\/lokalzeit\/bonn\/videos\/to-go\/video-unwetterschaeden-in-bad-muenstereifel-iversheim-100.html https:\/\/www.youtube.com\/watch?v=-CUPq_y8lCk Spenden: Es gibt nach wie <a class=\"more-link\" href=\"https:\/\/www.feuerwehr-iversheim.de\/\">Weiterlesen \u2192<\/a><\/p>\n","protected":false},"author":1,"featured_media":0,"parent":0,"menu_order":0,"comment_status":"closed","ping_status":"closed","template":"","meta":{"footnotes":""},"class_list":["post-250","page","type-page","status-publish","hentry"],"_links":{"self":[{"href":"https:\/\/www.feuerwehr-iversheim.de\/index.php?rest_route=\/wp\/v2\/pages\/250","targetHints":{"allow":["GET"]}}],"collection":[{"href":"https:\/\/www.feuerwehr-iversheim.de\/index.php?rest_route=\/wp\/v2\/pages"}],"about":[{"href":"https:\/\/www.feuerwehr-iversheim.de\/index.php?rest_route=\/wp\/v2\/types\/page"}],"author":[{"embeddable":true,"href":"https:\/\/www.feuerwehr-iversheim.de\/index.php?rest_route=\/wp\/v2\/users\/1"}],"replies":[{"embeddable":true,"href":"https:\/\/www.feuerwehr-iversheim.de\/index.php?rest_route=%2Fwp%2Fv2%2Fcomments&post=250"}],"version-history":[{"count":77,"href":"https:\/\/www.feuerwehr-iversheim.de\/index.php?rest_route=\/wp\/v2\/pages\/250\/revisions"}],"predecessor-version":[{"id":4919,"href":"https:\/\/www.feuerwehr-iversheim.de\/index.php?rest_route=\/wp\/v2\/pages\/250\/revisions\/4919"}],"wp:attachment":[{"href":"https:\/\/www.feuerwehr-iversheim.de\/index.php?rest_route=%2Fwp%2Fv2%2Fmedia&parent=250"}],"curies":[{"name":"wp","href":"https:\/\/api.w.org\/{rel}","templated":true}]}}