{"id":2586,"date":"2017-11-01T13:28:38","date_gmt":"2017-11-01T12:28:38","guid":{"rendered":"http:\/\/www.feuerwehr-iversheim.de\/?page_id=2586"},"modified":"2020-05-10T13:09:05","modified_gmt":"2020-05-10T12:09:05","slug":"tsf-w","status":"publish","type":"page","link":"https:\/\/www.feuerwehr-iversheim.de\/?page_id=2586","title":{"rendered":"TSF-W (1995 &#8211; 2020)"},"content":{"rendered":"<p><strong>Unser wasserf\u00fchrendes Fahrzeug<\/strong><\/p>\n<p><img loading=\"lazy\" decoding=\"async\" class=\"size-full wp-image-2564 alignnone\" src=\"http:\/\/www.feuerwehr-iversheim.de\/wp-content\/uploads\/2017\/06\/tsfw.jpg\" alt=\"\" width=\"512\" height=\"384\" srcset=\"https:\/\/www.feuerwehr-iversheim.de\/wp-content\/uploads\/2017\/06\/tsfw.jpg 512w, https:\/\/www.feuerwehr-iversheim.de\/wp-content\/uploads\/2017\/06\/tsfw-300x225.jpg 300w\" sizes=\"auto, (max-width: 512px) 100vw, 512px\" \/><\/p>\n<p>Das Fahrgestell ist ein VW LT 50 (95 PS, Stra\u00dfenantrieb, Baujahr 1994). Der Aufbau wurde von BTG (Brandschutztechnik G\u00f6rlitz) hergestellt. Das zul\u00e4\u00dfige Gesamtgewicht ist max. 5.500 kg. Die Besatzung des TSF-W ist eine Staffelbesatzung (1:5). Das TSF-W hat einen L\u00f6schwasservorrat von 500 Litern, der mit der im Heck eingeschobenen TS 8\/8 (Pumpenleistung: min. 800 Liter pro Minutebei 8 bar F\u00f6rderdruck) verbunden ist. Es hat eine Schnellangriffseinrichtung von 50m DN25 mit einem mehrstufigen Hohlstrahlrohr. Mitgef\u00fchrt wird die feuerwehrtechnische Beladung f\u00fcr eine Gruppe (1:8).<\/p>\n<p><img loading=\"lazy\" decoding=\"async\" class=\"alignleft size-full wp-image-2565\" src=\"http:\/\/www.feuerwehr-iversheim.de\/wp-content\/uploads\/2017\/06\/tsfw13gross.jpg\" alt=\"\" width=\"800\" height=\"600\" srcset=\"https:\/\/www.feuerwehr-iversheim.de\/wp-content\/uploads\/2017\/06\/tsfw13gross.jpg 800w, https:\/\/www.feuerwehr-iversheim.de\/wp-content\/uploads\/2017\/06\/tsfw13gross-300x225.jpg 300w, https:\/\/www.feuerwehr-iversheim.de\/wp-content\/uploads\/2017\/06\/tsfw13gross-768x576.jpg 768w\" sizes=\"auto, (max-width: 800px) 100vw, 800px\" \/><\/p>\n<table class=\" alignleft\">\n<tbody>\n<tr>\n<td style=\"vertical-align: top; border-style: none;\"><strong>Ger\u00e4teraum 1<\/strong><\/p>\n<p>1 x Stromerzeuger<br \/>\n1 x Lichtstativ<br \/>\n1 x Kabbeltrommel<br \/>\n2 x Scheinwerfer<br \/>\n1 x Stromverteiler<br \/>\n1 x Erdungsstab<br \/>\n1 x Doppel Scheinwerferhalter<br \/>\n2 x Hitzeponscho<br \/>\n2 x Abgasschl\u00e4uche<br \/>\n1 x Brecheisen<br \/>\n1 x Vorschlaghammer<br \/>\n2 x Schlauchbr\u00fccken<br \/>\n2 x Warnblinkleuchten<br \/>\n4 x Pylonen mit Zusatzblinklichtern<br \/>\n1 x Wasserl\u00f6scher<br \/>\n1 x Standrohr<br \/>\n1 x Hydrantenschl\u00fcssel<br \/>\n1 x Unterflurhydrantendeckel\u00f6ffner<br \/>\n1 x Satz \u00dcbergangsst\u00fccke A-D<br \/>\n2 x Verteiler<br \/>\n1 x Hydroschild<\/td>\n<td style=\"vertical-align: top; border-style: none;\"><strong>Ger\u00e4teraum 3<\/strong><\/p>\n<p>1 x Druckbegrenzungsventil<br \/>\n1 x Saugkorb mit Schutzsieb<br \/>\n1 x Sammelst\u00fcck<br \/>\n1 x Absperrhahn<br \/>\n1 x Wasserstrahlpumpe<br \/>\n1 x 20 l Kanister \u00d6lbindemittel<br \/>\n1 x Motors\u00e4ge mit Wartungs- und<br \/>\nSchutzzubeh\u00f6r<br \/>\n1 x Werkzeugkiste<br \/>\n1 x 10 l Benzinkanister<br \/>\n1 x \u00d6lauffangwanne (Mulde)<br \/>\n1 x 5 l Kanister 2 Taktgemisch<br \/>\n7 x C-Schlauch 15 m<br \/>\n1 x C-Schlauch 30 m<br \/>\n3 x Abschlepp\u00f6se<br \/>\n3 x Arbeitsleinen<br \/>\n1 x 230 V Verl\u00e4ngerungskabel<\/td>\n<\/tr>\n<\/tbody>\n<\/table>\n<p><img loading=\"lazy\" decoding=\"async\" class=\"alignleft size-full wp-image-2566\" src=\"http:\/\/www.feuerwehr-iversheim.de\/wp-content\/uploads\/2017\/06\/tsfw24gross.jpg\" alt=\"\" width=\"800\" height=\"600\" srcset=\"https:\/\/www.feuerwehr-iversheim.de\/wp-content\/uploads\/2017\/06\/tsfw24gross.jpg 800w, https:\/\/www.feuerwehr-iversheim.de\/wp-content\/uploads\/2017\/06\/tsfw24gross-300x225.jpg 300w, https:\/\/www.feuerwehr-iversheim.de\/wp-content\/uploads\/2017\/06\/tsfw24gross-768x576.jpg 768w\" sizes=\"auto, (max-width: 800px) 100vw, 800px\" \/><\/p>\n<table class=\" alignleft\">\n<tbody>\n<tr>\n<td style=\"vertical-align: top; border-style: none;\"><strong>Ger\u00e4teraum 2<\/strong><\/p>\n<p>1 x Kiste mit Atemschutzmasken<br \/>\n4 x Atemschutzger\u00e4t mit Todmannwarner<br \/>\n1 x Bolzenschneider<br \/>\n1 x Fuchsschwanz<br \/>\n2 x Axt<br \/>\n1 x Schaufel, Spaten und Besen<br \/>\n4 x Ersatzatemluftflaschen<br \/>\n1 x B-Strahlrohr mit Mannschaftsdusche<br \/>\n3 x C-Strahlrohr<br \/>\n1 x D-Strahlrohr<br \/>\n1 x St\u00fctzkr\u00fcmmer<br \/>\n1 x Zumischer mit Plastiksaugschlauch<br \/>\n1 x Schaumrohr (verstellbar zwischen Schwer-<br \/>\nund Mittelschaum)<br \/>\n1 x Krankentrage<\/td>\n<td style=\"vertical-align: top; border-style: none;\"><strong>Ger\u00e4teraum 4<\/strong><\/p>\n<p>8 x B-Schlauch 20m<br \/>\n1 x Schnellangriffeinrichtung 50 m<br \/>\nmit einem Schnellschaumangriff<br \/>\n2 x Hohlstrahlrohr<br \/>\nje 1 x Schlauchschelle f\u00fcr B und C<br \/>\n1 x B-Schlauch 5m<br \/>\n3 x 20 l Schaummittelkanister<br \/>\n4 x kurze Feuerwehrleinen<br \/>\n2 x Schlauchhaltegurte<\/td>\n<\/tr>\n<\/tbody>\n<\/table>\n<p><img loading=\"lazy\" decoding=\"async\" class=\"alignleft size-full wp-image-2567\" src=\"http:\/\/www.feuerwehr-iversheim.de\/wp-content\/uploads\/2017\/06\/tsfwgrgross.jpg\" alt=\"\" width=\"800\" height=\"600\" srcset=\"https:\/\/www.feuerwehr-iversheim.de\/wp-content\/uploads\/2017\/06\/tsfwgrgross.jpg 800w, https:\/\/www.feuerwehr-iversheim.de\/wp-content\/uploads\/2017\/06\/tsfwgrgross-300x225.jpg 300w, https:\/\/www.feuerwehr-iversheim.de\/wp-content\/uploads\/2017\/06\/tsfwgrgross-768x576.jpg 768w\" sizes=\"auto, (max-width: 800px) 100vw, 800px\" \/><\/p>\n<table class=\" alignleft\">\n<tbody>\n<tr>\n<td style=\"vertical-align: top; border-style: none;\"><strong>Ger\u00e4teraum Hinten<\/strong><\/p>\n<p>1 x 500 l Wassertank<br \/>\n1 x TS 8\/8<br \/>\n6 x A-Saugschlauch<br \/>\n1 x Oberflurhydrantenschl\u00fcssel<br \/>\n1 x Arbeitsscheinwerfer<br \/>\n1 x Schlauchhaspel<br \/>\n2 x Kupplungsschl\u00fcssel B und C<br \/>\n1 x Kurbel f\u00fcr Schnellangriff<br \/>\n1 x Hebel f\u00fcr Pfosten<br \/>\n1 x Kupplungsschl\u00fcssel A<br \/>\n1 x Unterflurhydrantendeckel\u00f6ffner<br \/>\n1 x Gurtmesser<br \/>\n1 x Schere<\/td>\n<\/tr>\n<\/tbody>\n<\/table>\n","protected":false},"excerpt":{"rendered":"<p>Unser wasserf\u00fchrendes Fahrzeug Das Fahrgestell ist ein VW LT 50 (95 PS, Stra\u00dfenantrieb, Baujahr 1994). Der Aufbau wurde von BTG (Brandschutztechnik G\u00f6rlitz) hergestellt. Das zul\u00e4\u00dfige Gesamtgewicht ist max. 5.500 kg. <a class=\"more-link\" href=\"https:\/\/www.feuerwehr-iversheim.de\/?page_id=2586\">Weiterlesen \u2192<\/a><\/p>\n","protected":false},"author":1,"featured_media":0,"parent":155,"menu_order":0,"comment_status":"closed","ping_status":"closed","template":"","meta":{"footnotes":""},"class_list":["post-2586","page","type-page","status-publish","hentry"],"_links":{"self":[{"href":"https:\/\/www.feuerwehr-iversheim.de\/index.php?rest_route=\/wp\/v2\/pages\/2586","targetHints":{"allow":["GET"]}}],"collection":[{"href":"https:\/\/www.feuerwehr-iversheim.de\/index.php?rest_route=\/wp\/v2\/pages"}],"about":[{"href":"https:\/\/www.feuerwehr-iversheim.de\/index.php?rest_route=\/wp\/v2\/types\/page"}],"author":[{"embeddable":true,"href":"https:\/\/www.feuerwehr-iversheim.de\/index.php?rest_route=\/wp\/v2\/users\/1"}],"replies":[{"embeddable":true,"href":"https:\/\/www.feuerwehr-iversheim.de\/index.php?rest_route=%2Fwp%2Fv2%2Fcomments&post=2586"}],"version-history":[{"count":6,"href":"https:\/\/www.feuerwehr-iversheim.de\/index.php?rest_route=\/wp\/v2\/pages\/2586\/revisions"}],"predecessor-version":[{"id":4198,"href":"https:\/\/www.feuerwehr-iversheim.de\/index.php?rest_route=\/wp\/v2\/pages\/2586\/revisions\/4198"}],"up":[{"embeddable":true,"href":"https:\/\/www.feuerwehr-iversheim.de\/index.php?rest_route=\/wp\/v2\/pages\/155"}],"wp:attachment":[{"href":"https:\/\/www.feuerwehr-iversheim.de\/index.php?rest_route=%2Fwp%2Fv2%2Fmedia&parent=2586"}],"curies":[{"name":"wp","href":"https:\/\/api.w.org\/{rel}","templated":true}]}}