{"id":3116,"date":"2019-01-07T22:52:18","date_gmt":"2019-01-07T21:52:18","guid":{"rendered":"https:\/\/www.feuerwehr-iversheim.de\/?page_id=3116"},"modified":"2019-01-24T13:49:56","modified_gmt":"2019-01-24T12:49:56","slug":"feuerloescher","status":"publish","type":"page","link":"https:\/\/www.feuerwehr-iversheim.de\/?page_id=3116","title":{"rendered":"Feuerl\u00f6scher"},"content":{"rendered":"\n<div class=\"wp-block-image\"><figure class=\"alignleft\"><img loading=\"lazy\" decoding=\"async\" width=\"150\" height=\"150\" src=\"https:\/\/www.feuerwehr-iversheim.de\/wp-content\/uploads\/2019\/01\/Feuerl\u00f6scher-150x150.jpg\" alt=\"\" class=\"wp-image-3120\"\/><\/figure><\/div>\n\n\n\n<p>Feuerl\u00f6scher\ngeh\u00f6ren nicht nur in den Keller! Nachfolgend m\u00f6chten wir Ihnen den Sinn und\nZweck von Feuerl\u00f6schern etwas n\u00e4her bringen. Nach unseren Erfahrungen kann der\nfr\u00fchzeitige Einsatz von Feuerl\u00f6schern Leben retten und Sachsch\u00e4den verringern.\nFeuerl\u00f6scher dienen zur wirksamen Bek\u00e4mpfung von Entstehungsbr\u00e4nden. Das\nbedeutet, dass nur kleine und in der Entstehung befindliche Br\u00e4nde erfolgreich\ngel\u00f6scht werden k\u00f6nnen.<\/p>\n\n\n\n<p>Jeder\nFeuerl\u00f6scher ist ohne besondere Kenntnisse zu bedienen, es gen\u00fcgt v\u00f6llig, die\naufgedruckte Gebrauchsanweisung zu befolgen. Zu Ihrer eigenen Sicherheit\nsollten Sie sich allerdings schon jetzt mit der Bedienung der bei Ihnen\nverf\u00fcgbaren Feuerl\u00f6scher vertraut machen. Lesen Sie dazu die auf dem\nFeuerl\u00f6scher angebrachte Gebrauchsanweisung aufmerksam durch und machen Sie\nsich mit den vorhandenen Bedienungselementen vertraut. Dies erspart Ihnen im\nErnstfall wertvolle Zeit.<\/p>\n\n\n\n<p>Sie sollten auch kontrollieren, ob sich der Feuerl\u00f6scher in Ihrer Umgebung f\u00fcr die bei Ihnen vorhandenen brennbaren Stoffe eignet. Auf dem Feuerl\u00f6scher sind Piktogramme f\u00fcr die Eignung der verschiedenen Brandklassen aufgedruckt. Die folgenden zwei Tabellen sollen Ihnen Aufschluss \u00fcber die Brandklassen und Eignung der verschiedenen Feuerl\u00f6scher in Bezug auf die jeweiligen Brandklassen geben. <\/p>\n\n\n\n<figure class=\"wp-block-image\"><img loading=\"lazy\" decoding=\"async\" width=\"578\" height=\"283\" src=\"https:\/\/www.feuerwehr-iversheim.de\/wp-content\/uploads\/2019\/01\/Brandklassen.png\" alt=\"\" class=\"wp-image-3121\" srcset=\"https:\/\/www.feuerwehr-iversheim.de\/wp-content\/uploads\/2019\/01\/Brandklassen.png 578w, https:\/\/www.feuerwehr-iversheim.de\/wp-content\/uploads\/2019\/01\/Brandklassen-300x147.png 300w\" sizes=\"auto, (max-width: 578px) 100vw, 578px\" \/><\/figure>\n\n\n\n<figure class=\"wp-block-image\"><img loading=\"lazy\" decoding=\"async\" width=\"578\" height=\"391\" src=\"https:\/\/www.feuerwehr-iversheim.de\/wp-content\/uploads\/2019\/01\/Feuerl\u00f6scher-Eignung.png\" alt=\"\" class=\"wp-image-3122\" srcset=\"https:\/\/www.feuerwehr-iversheim.de\/wp-content\/uploads\/2019\/01\/Feuerl\u00f6scher-Eignung.png 578w, https:\/\/www.feuerwehr-iversheim.de\/wp-content\/uploads\/2019\/01\/Feuerl\u00f6scher-Eignung-300x203.png 300w\" sizes=\"auto, (max-width: 578px) 100vw, 578px\" \/><\/figure>\n\n\n\n<figure class=\"wp-block-image\"><img loading=\"lazy\" decoding=\"async\" width=\"578\" height=\"586\" src=\"https:\/\/www.feuerwehr-iversheim.de\/wp-content\/uploads\/2019\/01\/Feuerl\u00f6scher-Gebrauch.png\" alt=\"\" class=\"wp-image-3123\" srcset=\"https:\/\/www.feuerwehr-iversheim.de\/wp-content\/uploads\/2019\/01\/Feuerl\u00f6scher-Gebrauch.png 578w, https:\/\/www.feuerwehr-iversheim.de\/wp-content\/uploads\/2019\/01\/Feuerl\u00f6scher-Gebrauch-296x300.png 296w\" sizes=\"auto, (max-width: 578px) 100vw, 578px\" \/><\/figure>\n\n\n\n<figure class=\"wp-block-image\"><img loading=\"lazy\" decoding=\"async\" width=\"578\" height=\"331\" src=\"https:\/\/www.feuerwehr-iversheim.de\/wp-content\/uploads\/2019\/01\/Feuerl\u00f6scher-Hinweisschilder.png\" alt=\"\" class=\"wp-image-3124\" srcset=\"https:\/\/www.feuerwehr-iversheim.de\/wp-content\/uploads\/2019\/01\/Feuerl\u00f6scher-Hinweisschilder.png 578w, https:\/\/www.feuerwehr-iversheim.de\/wp-content\/uploads\/2019\/01\/Feuerl\u00f6scher-Hinweisschilder-300x172.png 300w\" sizes=\"auto, (max-width: 578px) 100vw, 578px\" \/><\/figure>\n","protected":false},"excerpt":{"rendered":"<p>Feuerl\u00f6scher geh\u00f6ren nicht nur in den Keller! Nachfolgend m\u00f6chten wir Ihnen den Sinn und Zweck von Feuerl\u00f6schern etwas n\u00e4her bringen. Nach unseren Erfahrungen kann der fr\u00fchzeitige Einsatz von Feuerl\u00f6schern Leben <a class=\"more-link\" href=\"https:\/\/www.feuerwehr-iversheim.de\/?page_id=3116\">Weiterlesen \u2192<\/a><\/p>\n","protected":false},"author":1,"featured_media":0,"parent":147,"menu_order":0,"comment_status":"closed","ping_status":"closed","template":"","meta":{"footnotes":""},"class_list":["post-3116","page","type-page","status-publish","hentry"],"_links":{"self":[{"href":"https:\/\/www.feuerwehr-iversheim.de\/index.php?rest_route=\/wp\/v2\/pages\/3116","targetHints":{"allow":["GET"]}}],"collection":[{"href":"https:\/\/www.feuerwehr-iversheim.de\/index.php?rest_route=\/wp\/v2\/pages"}],"about":[{"href":"https:\/\/www.feuerwehr-iversheim.de\/index.php?rest_route=\/wp\/v2\/types\/page"}],"author":[{"embeddable":true,"href":"https:\/\/www.feuerwehr-iversheim.de\/index.php?rest_route=\/wp\/v2\/users\/1"}],"replies":[{"embeddable":true,"href":"https:\/\/www.feuerwehr-iversheim.de\/index.php?rest_route=%2Fwp%2Fv2%2Fcomments&post=3116"}],"version-history":[{"count":1,"href":"https:\/\/www.feuerwehr-iversheim.de\/index.php?rest_route=\/wp\/v2\/pages\/3116\/revisions"}],"predecessor-version":[{"id":3125,"href":"https:\/\/www.feuerwehr-iversheim.de\/index.php?rest_route=\/wp\/v2\/pages\/3116\/revisions\/3125"}],"up":[{"embeddable":true,"href":"https:\/\/www.feuerwehr-iversheim.de\/index.php?rest_route=\/wp\/v2\/pages\/147"}],"wp:attachment":[{"href":"https:\/\/www.feuerwehr-iversheim.de\/index.php?rest_route=%2Fwp%2Fv2%2Fmedia&parent=3116"}],"curies":[{"name":"wp","href":"https:\/\/api.w.org\/{rel}","templated":true}]}}