{"id":3129,"date":"2019-01-07T22:57:49","date_gmt":"2019-01-07T21:57:49","guid":{"rendered":"https:\/\/www.feuerwehr-iversheim.de\/?page_id=3129"},"modified":"2019-01-24T13:49:52","modified_gmt":"2019-01-24T12:49:52","slug":"feuer-im-hotel","status":"publish","type":"page","link":"https:\/\/www.feuerwehr-iversheim.de\/?page_id=3129","title":{"rendered":"Feuer im Hotel"},"content":{"rendered":"\n<div class=\"wp-block-image\"><figure class=\"alignleft\"><img loading=\"lazy\" decoding=\"async\" width=\"150\" height=\"150\" src=\"https:\/\/www.feuerwehr-iversheim.de\/wp-content\/uploads\/2019\/01\/Notausgang-150x150.jpg\" alt=\"\" class=\"wp-image-3130\"\/><\/figure><\/div>\n\n\n\n<p>Gut vorbereitet das Richtige tun. Ein Leitfaden f\u00fcr G\u00e4ste.   Ein Brand ist immer eine absolute Ausnahmesituation. In bekannten  Umgebungen f\u00fchlen wir uns sicher und vertraut. Wir kennen uns in den  R\u00e4umlichkeiten gut aus und wissen im Brandfall welche Rettungswege es  gibt und welche L\u00f6schmittel uns wo zur Verf\u00fcgung stehen.<\/p>\n\n\n\n<p>Was aber wenn\n wir uns in einer unbekannten Umgebung befinden oder gar in dieser \n\u00fcbernachten? Wissen wir woher wir Nachts laufen m\u00fcssen um das Geb\u00e4ude \nauf dem schnellsten Wege zu verlassen? Oder wo der n\u00e4chste Feuerl\u00f6scher \nsteht um Entstehungsbr\u00e4nde zu bek\u00e4mpfen?<\/p>\n\n\n\n<p>Auf dieser Seite finden Sie Informationen um sich f\u00fcr Ihren n\u00e4chsten Hotelaufenthalt vor zubereiten.<\/p>\n\n\n\n<div class=\"wp-block-image\"><figure class=\"alignleft\"><img decoding=\"async\" src=\"http:\/\/alt.feuerwehr-iversheim.de\/images\/image.php?n=Notausgang.gif\" alt=\"Notausgang.gif\"\/><\/figure><\/div>\n\n\n\n<p>Machen Sie sich mit den Fluchtwegen vertraut.\nZu Ihrer Sicherheit sind in jedem Hotel Fluchtwege vorgesehen, \u00fcber \ndie Sie im Brandfall das Geb\u00e4ude verlassen k\u00f6nnen. Diese sind mit den \nbekannten gr\u00fcn &#8211; wei\u00dfen Hinweisschildern gekennzeichnet.<\/p>\n\n\n\n<p>In Ihrem \nZimmer oder auf dem Flur h\u00e4ngt der Flucht- und Rettungsplan aus: ein \nGeb\u00e4udegrundriss, in dem der Verlauf der Fluchtwege von Ihrem Standort \naus dargestellt ist. Werfen Sie bei Gelegenheit einen Blick darauf. Im \nErnstfall sind Sie dann umso besser vorbereitet. Halten Sie bei Ihrem \nn\u00e4chsten Gang \u00fcber den Flur Ausschau nach dem n\u00e4chstgelegenen Fluchtweg.<\/p>\n\n\n\n<div class=\"wp-block-image\"><figure class=\"alignleft\"><img decoding=\"async\" src=\"http:\/\/alt.feuerwehr-iversheim.de\/images\/image.php?n=Standort.gif\" alt=\"Standort.gif\"\/><\/figure><\/div>\n\n\n\n<p>Achten Sie auf die Standorte der n\u00e4chst gelegenen Feuermelder und Feuerl\u00f6scher.\nDer Flucht- und Rettungsplan enth\u00e4lt auch die Notruf &#8211; Telefonnummer\n und gibt weitere Hinweise zum Verhalten im Brandfall. Die Standorte von\n Feuermeldern und -l\u00f6schern sind darin ebenfalls gekennzeichnet. Auf den\n Fluren zeigen rot-wei\u00dfe Schilder deren Standorte an. Die Handhabung der\n Feuerl\u00f6schger\u00e4te ist auf den Ger\u00e4ten selbst oder in deren unmittelbarer\n N\u00e4he beschrieben.\nMachen Sie sich mit Ihrem Zimmer vertraut.\nWenn Rauch oder Feuer in den Fluren den Fluchtweg blockiert, m\u00fcssen \nSie unter Umst\u00e4nden in Ihrem Zimmer bleiben. Viele Menschen haben einen \nHotelbrand nur deshalb \u00fcberlebt, weil sie in Ruhe in ihrem Zimmer \u2013 \ngegen Rauch und Brandgase gesch\u00fctzt \u2013 die Rettung abwarteten.\n<\/p>\n\n\n\n<div class=\"wp-block-image\"><figure class=\"alignleft\"><img decoding=\"async\" src=\"http:\/\/alt.feuerwehr-iversheim.de\/images\/image.php?n=keep_key.gif\" alt=\"keep_key.gif\"\/><\/figure><\/div>\n\n\n\n<p>Machen Sie es sich zur Gewohnheit, den Zimmerschl\u00fcssel immer an der gleichen Stelle aufzubewahren.\nZum Beispiel auf dem Nachttisch oder im T\u00fcrschloss, so dass Sie ihn \nstets griffbereit haben. Sie brauchen ihn, um bei blockierten \nFluchtwegen in Ihr Zimmer zur\u00fcckzugelangen.\n<\/p>\n\n\n\n<div class=\"wp-block-image\"><figure class=\"alignleft\"><img decoding=\"async\" src=\"http:\/\/alt.feuerwehr-iversheim.de\/images\/image.php?n=go_out.gif\" alt=\"go_out.gif\"\/><\/figure><\/div>\n\n\n\n<p>\u00dcberpr\u00fcfen Sie die Fenster und schauen Sie hinaus.\n\n<\/p>\n\n\n\n<ul class=\"wp-block-list\"><li>Lassen sie sich \u00f6ffnen?<\/li><li>Wie funktionieren die Griffe?<\/li><li>Welches Fenster eignet sich zur Flucht?<\/li><\/ul>\n\n\n\n<p>\nWenn der Erdboden oder ein Dach oder Vorbau innerhalb einer sicheren \nSprung-Entfernung ist, k\u00f6nnen Sie gegebenenfalls diesen Fluchtweg \nw\u00e4hlen.\n<\/p>\n\n\n\n<div class=\"wp-block-image\"><figure class=\"alignleft\"><img decoding=\"async\" src=\"http:\/\/alt.feuerwehr-iversheim.de\/images\/image.php?n=no_lift.gif\" alt=\"no_lift.gif\"\/><\/figure><\/div>\n\n\n\n<p>Benutzen Sie im Brandfall\nnie den Aufzug!\nEr k\u00f6nnte Sie zu einem Stockwerk bringen, das bereits voller Rauch \nund Flammen ist. Und er k\u00f6nnte bei Stromausfall stecken bleiben.<\/p>\n\n\n\n<p><strong>Richtiges Verhalten im Brandfall<\/strong><\/p>\n\n\n\n<div class=\"wp-block-image\"><figure class=\"alignleft\"><img decoding=\"async\" src=\"http:\/\/alt.feuerwehr-iversheim.de\/images\/image.php?n=room_fire.gif\" alt=\"room_fire.gif\"\/><\/figure><\/div>\n\n\n\n<p>Nehmen Sie Ihren Schl\u00fcssel und gehen\nSie zur T\u00fcr.\n\nBei Rauch im Zimmer:\n<\/p>\n\n\n\n<ul class=\"wp-block-list\"><li>Rollen Sie sich aus dem Bett, ziehen Sie Schuhe an und kriechen Sie zur T\u00fcr (Rauch und Brandgase steigen nach oben).<\/li><li>Atmen Sie durch ein nasses Tuch.<\/li><\/ul>\n\n\n\n<div class=\"wp-block-image\"><figure class=\"alignleft\"><img decoding=\"async\" src=\"http:\/\/alt.feuerwehr-iversheim.de\/images\/image.php?n=open_door.gif\" alt=\"open_door.gif\"\/><\/figure><\/div>\n\n\n\n<p>Betasten Sie die T\u00fcr mit der Hand.\n\n<\/p>\n\n\n\n<ul class=\"wp-block-list\"><li>Wenn die T\u00fcr oder der T\u00fcrgriff hei\u00df ist: Nicht \u00f6ffnen.<\/li><li>Wenn die T\u00fcr nicht hei\u00df ist, langsam \u00f6ffnen.<\/li><li>Falls notwendig, die T\u00fcr sofort wieder schlie\u00dfen!<\/li><\/ul>\n\n\n\n<p>\n\n\u00dcberpr\u00fcfen Sie den Flur.\nWenn der Weg frei ist, schlie\u00dfen Sie die Zimmert\u00fcr hinter sich, um \nIhre Sachen zu sch\u00fctzen und gehen (bei Rauch im Flur: kriechen!) Sie zum\n n\u00e4chsten erreichbaren Notausgang.\nGehen Sie zum Erdgeschoss hinab.\nHalten Sie sich dabei am Treppengel\u00e4nder fest \u2013 zur Orientierung und\n damit Sie nicht von anderen Fl\u00fcchtenden umgesto\u00dfen werden. Sollte der \nRauch dichter werden:\n<\/p>\n\n\n\n<ul class=\"wp-block-list\"><li>Versuchen Sie nicht hindurch zulaufen, sondern kehren Sie um und gehen Sie nach oben.<\/li><li>Wenn Sie das Dach erreichen, blockieren Sie die T\u00fcr, sodass sie \noffen bleibt. So kann der Rauch aus dem Treppenhaus abziehen und Sie \nwerden nicht ausgeschlossen, w\u00e4hrend Sie auf Hilfe warten.<\/li><\/ul>\n\n\n\n<p>\n\nDie T\u00fcr ist hei\u00df oder der Flur voller Rauch. Was tun?\n\n<\/p>\n\n\n\n<ul class=\"wp-block-list\"><li>Wenn Sie im Erdgeschoss oder im ersten Stockwerk wohnen, k\u00f6nnten \nSie es schaffen, auf den Erdboden zu springen, ohne gr\u00f6\u00dfere Verletzungen\n davonzutragen.<\/li><li>Wohnen Sie h\u00f6her, bleiben Sie besser an Ort und Stelle. Sie k\u00f6nnen in Ihrem Zimmer durchaus einen Brand unbeschadet \u00fcberstehen.<\/li><\/ul>\n\n\n\n<div class=\"wp-block-image\"><figure class=\"alignleft\"><img decoding=\"async\" src=\"http:\/\/alt.feuerwehr-iversheim.de\/images\/image.php?n=open_water.gif\" alt=\"open_water.gif\"\/><\/figure><\/div>\n\n\n\n<p>Stellen Sie die Badezimmer-Entl\u00fcftung an. F\u00fcllen Sie die Badewanne.\n\n<\/p>\n\n\n\n<ul class=\"wp-block-list\"><li>Die Entl\u00fcftung kann den Rauch verringern. Das Wasser in der Wanne kann zum L\u00f6schen erforderlich werden.<\/li><li>Legen Sie sich nicht in die Wanne!<\/li><\/ul>\n\n\n\n<div class=\"wp-block-image\"><figure class=\"alignleft\"><img decoding=\"async\" src=\"http:\/\/alt.feuerwehr-iversheim.de\/images\/image.php?n=wet_towel.gif\" alt=\"wet_towel.gif\"\/><\/figure><\/div>\n\n\n\n<p>Machen Sie Handt\u00fccher und Laken nass.\n\n<\/p>\n\n\n\n<ul class=\"wp-block-list\"><li>Dichten Sie damit zum Beispiel T\u00fcrspalten ab, durch die Rauch hereindringt.<\/li><li>F\u00fcllen Sie den Eisbeh\u00e4lter oder Papierkorb mit Wasser, um damit T\u00fcren und W\u00e4nde zu k\u00fchlen.<\/li><\/ul>\n\n\n\n<div class=\"wp-block-image\"><figure class=\"alignleft\"><img decoding=\"async\" src=\"http:\/\/alt.feuerwehr-iversheim.de\/images\/image.php?n=go_out.gif\" alt=\"go_out.gif\"\/><\/figure><\/div>\n\n\n\n<p>Verschaffen Sie sich frische Luft.\n\n<\/p>\n\n\n\n<ul class=\"wp-block-list\"><li>Wenn der Rauch in Ihrem Zimmer immer mehr zunimmt, h\u00e4ngen Sie sich  eine Decke wie ein Zelt \u00fcber den Kopf. Atmen Sie bei ge\u00f6ffnetem Fenster  frische Luft ein. Wenn sich das Fenster nicht \u00f6ffnen l\u00e4sst, zerschlagen  Sie es notfalls mit einem Stuhl oder einer Schublade.<\/li><li>Bedenken Sie aber: Wenn Hitze und Rauch au\u00dferhalb des Fensters aufsteigen, m\u00fcssen Sie es geschlossen halten.<\/li><\/ul>\n\n\n\n<p><\/p>\n","protected":false},"excerpt":{"rendered":"<p>Gut vorbereitet das Richtige tun. Ein Leitfaden f\u00fcr G\u00e4ste. Ein Brand ist immer eine absolute Ausnahmesituation. In bekannten Umgebungen f\u00fchlen wir uns sicher und vertraut. Wir kennen uns in den <a class=\"more-link\" href=\"https:\/\/www.feuerwehr-iversheim.de\/?page_id=3129\">Weiterlesen \u2192<\/a><\/p>\n","protected":false},"author":1,"featured_media":0,"parent":147,"menu_order":0,"comment_status":"closed","ping_status":"closed","template":"","meta":{"footnotes":""},"class_list":["post-3129","page","type-page","status-publish","hentry"],"_links":{"self":[{"href":"https:\/\/www.feuerwehr-iversheim.de\/index.php?rest_route=\/wp\/v2\/pages\/3129","targetHints":{"allow":["GET"]}}],"collection":[{"href":"https:\/\/www.feuerwehr-iversheim.de\/index.php?rest_route=\/wp\/v2\/pages"}],"about":[{"href":"https:\/\/www.feuerwehr-iversheim.de\/index.php?rest_route=\/wp\/v2\/types\/page"}],"author":[{"embeddable":true,"href":"https:\/\/www.feuerwehr-iversheim.de\/index.php?rest_route=\/wp\/v2\/users\/1"}],"replies":[{"embeddable":true,"href":"https:\/\/www.feuerwehr-iversheim.de\/index.php?rest_route=%2Fwp%2Fv2%2Fcomments&post=3129"}],"version-history":[{"count":1,"href":"https:\/\/www.feuerwehr-iversheim.de\/index.php?rest_route=\/wp\/v2\/pages\/3129\/revisions"}],"predecessor-version":[{"id":3131,"href":"https:\/\/www.feuerwehr-iversheim.de\/index.php?rest_route=\/wp\/v2\/pages\/3129\/revisions\/3131"}],"up":[{"embeddable":true,"href":"https:\/\/www.feuerwehr-iversheim.de\/index.php?rest_route=\/wp\/v2\/pages\/147"}],"wp:attachment":[{"href":"https:\/\/www.feuerwehr-iversheim.de\/index.php?rest_route=%2Fwp%2Fv2%2Fmedia&parent=3129"}],"curies":[{"name":"wp","href":"https:\/\/api.w.org\/{rel}","templated":true}]}}