{"id":3135,"date":"2019-01-07T23:08:52","date_gmt":"2019-01-07T22:08:52","guid":{"rendered":"https:\/\/www.feuerwehr-iversheim.de\/?page_id=3135"},"modified":"2019-01-24T13:49:40","modified_gmt":"2019-01-24T12:49:40","slug":"brandursachen","status":"publish","type":"page","link":"https:\/\/www.feuerwehr-iversheim.de\/?page_id=3135","title":{"rendered":"Brandursachen"},"content":{"rendered":"\n<p><strong>Brennbare Fl\u00fcssigkeiten<\/strong><\/p>\n\n\n\n<p>Ein Mann wollte die chemische Reinigung seiner Hose selbst  ausf\u00fchren. Hierf\u00fcr f\u00fcllte er ca. zwei Liter Benzin in die Badewanne. Das  hierbei entstehende Benzingas-Luft-Gemisch entz\u00fcndete sich an der  permanent brennenden Z\u00fcndflamme des im Bade befindlichen Gasboilers. Es  kam zu einer Verpuffung mit Folgebrand, wodurch das Einfamilienhaus  erheblichen Schaden erlitt.<\/p>\n\n\n\n<p><em>Merke:<br>Brennbare  Fl\u00fcssigkeiten bzw. L\u00f6sungsmittel wie z. B. Benzin, Nitroverd\u00fcnner und  Brennspiritus k\u00f6nnen beim Verdunsten explosive Gas-Luft-Gemische bilden.  In einem bewohnten Haus muss immer mit dem Vorhandensein von  Z\u00fcndquellen gerechnet werden. Deshalb derartige Fl\u00fcssigkeiten immer gut  verschlossen und k\u00fchl (am besten im Keller) aufbewahren.<\/em><\/p>\n\n\n\n<hr class=\"wp-block-separator\"\/>\n\n\n\n<p><strong>Selbstentz\u00fcndliche Lacke<\/strong><\/p>\n\n\n\n<p>Weniger bekannt d\u00fcrfte sein, dass es auch Produkte gibt, die sich  unter bestimmten Voraussetzungen selbst entz\u00fcnden k\u00f6nnen, ohne dass es  hierzu einer Z\u00fcndquelle bedarf. Hierzu:<\/p>\n\n\n\n<p>Eine Frau hatte von einer \nBekannten einen alten Holzschrank geschenkt bekommen, den sie selbst \nrestaurieren wollte. Nach den \u00fcblichen Arbeitsg\u00e4ngen sollte zuletzt noch\n der Lack aufgetragen werden, wozu sie einen Baumwolllappen verwendete. \nNach dem Auftragen des lein\u00f6lhaltigen Lackes entsorgte sie den Lappen in\n einem Abfalleimer aus Kunststoff, ohne die Warnhinweise des Herstellers\n auf dem Beh\u00e4ltnis zu beachten. Nach etwa zwei Stunden nahm sie einen \nbrenzligen Geruch wahr. Der im Abfalleimer entstehende Brand konnte \ngerade noch rechtzeitig gel\u00f6scht werden.<\/p>\n\n\n\n<p><em>Merke:<br>Beim Verarbeiten von lein\u00f6lhaltigen Lacken sind unbedingt die  Vorschriften der Hersteller zu beachten. Benutzte Lappen sollten direkt  nach Beendigung des Lackauftragens in Wasser gelegt werden.<\/em><\/p>\n\n\n\n<hr class=\"wp-block-separator\"\/>\n\n\n\n<p><strong>Glimmende Tabakwaren<\/strong> <\/p>\n\n\n\n<p>Nicht untersch\u00e4tzen sollte man die Gefahren, die von glimmenden  Tabakwaren (Zigaretten, Zigarren) ausgehen. Da gerade bei  Inbrandsetzungen mit Hilfe glimmender Tabakwaren l\u00e4ngere  Schwelbrandperioden durchlaufen werden, kommt es hierbei sehr h\u00e4ufig zu  t\u00f6dlichen Vergiftungen durch Schwelbrandprodukte wie z. B.  Kohlenmonoxid. Hierzu folgender Fall:<\/p>\n\n\n\n<p>In einer Wohnung in T. , in der \nsich insgesamt zehn Personen aufhielten, wurde eine Feier abgehalten, \nbei der man auch heftig dem Alkohol zusprach. Als man sich zu sp\u00e4ter \nNachtzeit zur Ruhe begab, muss sich noch einer der Erwachsenen eine \nZigarette im Bett angez\u00fcndet haben und dabei eingeschlafen sein. Hierbei\n kam es zur Inbrandsetzung dieses Zimmers, wobei die Person bis zur \nUnkenntlichkeit verbrannte. Obwohl alle anderen R\u00e4ume der Wohnung, wo \ndie \u00fcbrigen Bewohner schliefen, nur Sekund\u00e4rsch\u00e4den (Verru\u00dfungen sowie \nHitzesch\u00e4den) erlitten, gab es keine \u00dcberlebenden. Neun Personen waren \nan Kohlenmonoxidvergiftung gestorben.<\/p>\n\n\n\n<p><em>Merke:<br>Beim  Umgang mit glimmenden Tabakwaren sollte man \u00e4u\u00dferste Vorsicht walten  lassen. Eine Entsorgung in ein Abfallbeh\u00e4ltnis sollte erst dann  geschehen, wenn man sich davon \u00fcberzeugt hat, dass die Glut vollst\u00e4ndig  erloschen ist. Besonders kritisch ist das Rauchen in alkoholisiertem  Zustand, wie dieser Fall eindringlich zeigt.<\/em><\/p>\n\n\n\n<hr class=\"wp-block-separator\"\/>\n\n\n\n<p><strong>\u00dcberhitztes Speise\u00f6l<\/strong><\/p>\n\n\n\n<p>\u00c4u\u00dferst h\u00e4ufig wurde bei Wohnungsbr\u00e4nden als Brandausbruchsbereich  die K\u00fcche, und hier speziell der Elektroherd lokalisiert. Hierzu  folgender Fall:<\/p>\n\n\n\n<p>Eine Frau wollte das Mittagessen zubereiten und hatte \nhierzu eine Pfanne mit Speise\u00f6l auf einer Herdplatte erhitzt. Als es an \nder T\u00fcr klingelte, verlie\u00df sie die K\u00fcche f\u00fcr eine Weile. Da sie die \nHerdplatte auf sehr hoher Stufe angestellt hatte, erhitzte sich das \u00d6l \nbis oberhalb der Z\u00fcndtemperatur. Es kam zu einer spontanen Entflammung \ndes \u00d6les und zu einer Ausbreitung des Brandes \u00fcber die Dunstabzugshaube.\n Als die Frau das Malheur bemerkte, war es f\u00fcr eigene L\u00f6schversuche \nbereits zu sp\u00e4t: Die K\u00fcche brannte aus. Es entstand ein Schaden von ca. \n50.000 DM.<\/p>\n\n\n\n<p><em>Merke:<br>Speisen auf dem Herd sollte man  nie \u00fcberhitzen. Eine \u00dcberwachung des Bratvorganges ist in jedem Fall  empfehlenswert. Sollte sich hierbei spontan \u00d6l oder Fett entz\u00fcnden, darf  keinesfalls mit Wasser gel\u00f6scht werden (Explosionsgefahr!). Man sollte  in diesem Falle das Feuer mit einem Deckel ersticken und die  Energiezufuhr stoppen<\/em>.<\/p>\n\n\n\n<hr class=\"wp-block-separator\"\/>\n\n\n\n<p><strong>Elektrische Heizger\u00e4te<\/strong><\/p>\n\n\n\n<p>Beim Betrieb elektrischer Ger\u00e4te mit hoher Aufnahmeleistung wird  Energie in Form von W\u00e4rme abgegeben. Teilweise ist diese Form der  W\u00e4rmeabgabe erw\u00fcnscht (z. B. Heizl\u00fcfter), in anderen F\u00e4llen wird diese  W\u00e4rme nur als Nebenprodukt abgegeben (z. B. Fernsehapparat, Computer).  Dass hiervon Feuergefahren ausgehen, sollte allgemein bekannt sein.  Hierzu folgendes Fallbeispiel:<\/p>\n\n\n\n<p>Ein Mann hatte, da es sehr kalt war, \nvor seinem Bett einen Elektroradiator eingeschaltet. Da der Abstand \nzwischen Radiatorvorderseite mit Gebl\u00e4seaustritts\u00f6ffnung und brennbaren \nTeilen der Umgebung nur ca. 40 cm betrug &#8211; vorgeschrieben waren im \nvorliegenden Fall Abst\u00e4nde von mindestens einem Meter &#8211; kam es zu einer \nEntz\u00fcndung des heraush\u00e4ngenden Lakens und infolgedessen zu einem Brand, \nder einen Schaden von ca. 500.000 DM zur Folge hatte.<\/p>\n\n\n\n<p><em>Merke:<br>Bei  Heizger\u00e4ten sollte man auf die zul\u00e4ssigen Abst\u00e4nde zu brennbarem  Material achten. Ferner sollten W\u00e4rmestaus vermieden sowie  L\u00fcfter\u00f6ffnungen niemals verdeckt werden.<\/em><\/p>\n\n\n\n<hr class=\"wp-block-separator\"\/>\n\n\n\n<p><strong>Schwei\u00dfen, Schleifen, Flexen<\/strong><\/p>\n\n\n\n<p>Ein Mann wollte die Reparatur an dem Auspuff seines Automobils  selbst ausf\u00fchren. Da sich der Auspuffendtopf nicht mit einfachen Mitteln  demontieren lie\u00df, half er mit dem Schwei\u00dfbrenner nach. Die hierbei  entstehenden Schwei\u00dfperlen entz\u00fcndeten Stunden sp\u00e4ter das in der Garage  gelagerte brennbare Material. Auch  beim Schleifen und Flexen k\u00f6nnen hei\u00dfe Partikel erzeugt werden,  die auf  Grund ihrer Temperatur einen Brand verursachen k\u00f6nnen. <\/p>\n\n\n\n<p><em>Merke:<br>Die beim  Schwei\u00dfen entstehendenSchwei\u00dfperlen sind brandgef\u00e4hrlich. Da diese ohne  weiteres 10 m weit spritzen k\u00f6nnen, ist vor Beginn des Schwei\u00dfvorgangs  s\u00e4mtliches brennbare Material in diesem Umkreis zu entfernen. Besonders  t\u00fcckisch ist, dass die Schwei\u00dfperlen aufgrund ihrer geringen Gr\u00f6\u00dfe in  Holzdielenritzen verschwinden oder sich in Kunststoff einbrennen k\u00f6nnen  und erst Stunden sp\u00e4ter einen wahrnehmbaren Brand ausl\u00f6sen k\u00f6nnen.<\/em><\/p>\n\n\n\n<hr class=\"wp-block-separator\"\/>\n\n\n\n<p><strong>Verschwei\u00dfen von Dachpappe<\/strong><\/p>\n\n\n\n<p>Da das Flachdach undicht geworden war, wollte ein Heimwerker mit  Hilfe von Dachpappe und Butangasbrenner die Undichtigkeit beseitigen.  Beim Verschwei\u00dfen der Dachpappe mit dem Brenner wurde jedoch unterhalb  der Dachhaut ein zun\u00e4chst nicht zu bemerkender Schwelbrand ausgel\u00f6st,  der Stunden sp\u00e4ter zum Vollbrand f\u00fchrte.<\/p>\n\n\n\n<p><em>Merke:<br>Beim  Verschwei\u00dfen von Dachpappe werden so hohe Temperaturen erreicht, dass in  der Dachunterkonstruktion ein zun\u00e4chst unsichtbarer Schwelbrand  entstehen kann. Eine regelm\u00e4\u00dfige Nachschau und Kontrolle auf eventuelle  Schwelbr\u00e4nde ist auch noch Stunden nach Beendigung der Reparaturarbeiten  erforderlich.<\/em><\/p>\n\n\n\n<hr class=\"wp-block-separator\"\/>\n\n\n\n<p><strong>L\u00f6tarbeiten<\/strong><\/p>\n\n\n\n<p>Bei der Reparatur einer Heizungsanlage sollte ein Rohr  ausgetauscht werden. Beim L\u00f6ten am Rohr wurden \u00e4u\u00dferst hohe Temperaturen  erzeugt, die sich wegen der sehr guten W\u00e4rmeleitf\u00e4higkeit von Metallen  auch den benachbarten Rohrteilen mitteilten. Da diese mitten in der Wand  verlaufenden Rohrteile direkten Kontakt mit Holz hatten, kam es  aufgrund der sehr hohen Temperatur zu einem Schwelbrand, der zun\u00e4chst  nicht entdeckt wurde und erst Stunden sp\u00e4ter zu einem Vollbrand f\u00fchrte.<\/p>\n\n\n\n<p><em>Merke:<br>Bei  allen T\u00e4tigkeiten, bei denen Temperaturen oberhalb der Z\u00fcndtemperatur  von brennbaren Feststoffen erreicht werden, k\u00f6nnen Br\u00e4nde entstehen. Bei  Erhitzung von metallenen Rohrleitungssystemen ist zu beachten, dass auf  Grund der hervorragenden W\u00e4rmeleitf\u00e4higkeit die hierbei erreichten  Temperaturen auch in weiterer Entfernung brennbares Material entz\u00fcnden  k\u00f6nnen.<\/em><\/p>\n\n\n\n<p><br><\/p>\n","protected":false},"excerpt":{"rendered":"<p>Brennbare Fl\u00fcssigkeiten Ein Mann wollte die chemische Reinigung seiner Hose selbst ausf\u00fchren. Hierf\u00fcr f\u00fcllte er ca. zwei Liter Benzin in die Badewanne. Das hierbei entstehende Benzingas-Luft-Gemisch entz\u00fcndete sich an der <a class=\"more-link\" href=\"https:\/\/www.feuerwehr-iversheim.de\/?page_id=3135\">Weiterlesen \u2192<\/a><\/p>\n","protected":false},"author":1,"featured_media":0,"parent":147,"menu_order":0,"comment_status":"closed","ping_status":"closed","template":"","meta":{"footnotes":""},"class_list":["post-3135","page","type-page","status-publish","hentry"],"_links":{"self":[{"href":"https:\/\/www.feuerwehr-iversheim.de\/index.php?rest_route=\/wp\/v2\/pages\/3135","targetHints":{"allow":["GET"]}}],"collection":[{"href":"https:\/\/www.feuerwehr-iversheim.de\/index.php?rest_route=\/wp\/v2\/pages"}],"about":[{"href":"https:\/\/www.feuerwehr-iversheim.de\/index.php?rest_route=\/wp\/v2\/types\/page"}],"author":[{"embeddable":true,"href":"https:\/\/www.feuerwehr-iversheim.de\/index.php?rest_route=\/wp\/v2\/users\/1"}],"replies":[{"embeddable":true,"href":"https:\/\/www.feuerwehr-iversheim.de\/index.php?rest_route=%2Fwp%2Fv2%2Fcomments&post=3135"}],"version-history":[{"count":1,"href":"https:\/\/www.feuerwehr-iversheim.de\/index.php?rest_route=\/wp\/v2\/pages\/3135\/revisions"}],"predecessor-version":[{"id":3136,"href":"https:\/\/www.feuerwehr-iversheim.de\/index.php?rest_route=\/wp\/v2\/pages\/3135\/revisions\/3136"}],"up":[{"embeddable":true,"href":"https:\/\/www.feuerwehr-iversheim.de\/index.php?rest_route=\/wp\/v2\/pages\/147"}],"wp:attachment":[{"href":"https:\/\/www.feuerwehr-iversheim.de\/index.php?rest_route=%2Fwp%2Fv2%2Fmedia&parent=3135"}],"curies":[{"name":"wp","href":"https:\/\/api.w.org\/{rel}","templated":true}]}}