{"id":3143,"date":"2019-01-07T23:14:31","date_gmt":"2019-01-07T22:14:31","guid":{"rendered":"https:\/\/www.feuerwehr-iversheim.de\/?page_id=3143"},"modified":"2019-01-24T13:50:32","modified_gmt":"2019-01-24T12:50:32","slug":"silvester","status":"publish","type":"page","link":"https:\/\/www.feuerwehr-iversheim.de\/?page_id=3143","title":{"rendered":"Silvester"},"content":{"rendered":"\n<div class=\"wp-block-image\"><figure class=\"alignleft\"><img loading=\"lazy\" decoding=\"async\" width=\"150\" height=\"150\" src=\"https:\/\/www.feuerwehr-iversheim.de\/wp-content\/uploads\/2019\/01\/Silvester-150x150.jpg\" alt=\"\" class=\"wp-image-3144\"\/><\/figure><\/div>\n\n\n\n<p>Der Nachthimmel taghell   Der Beginn eines neuen Jahres wird von vielen Menschen dadurch  gefeiert, mit Feuerwerksk\u00f6rpern den Nacht Himmel in ein Meer von Farben  zu tauchen. Es wird geschossen und geb\u00f6llert.<\/p>\n\n\n\n<p>Leider ist die \nNeujahrsnacht auch f\u00fcr die Feuerwehren eine ereignisreiche Nacht. Durch \nunsachgem\u00e4\u00dfe Verwendung von Feuerwerksk\u00f6rpern, entstehen jedes Jahr \nmehrere Br\u00e4nde.<\/p>\n\n\n\n<p>Ebenfalls viel Arbeit hat der Rettungsdienst in \ndieser Nacht, der viele Menschen mit Verletzungen wie z.B. \nFingerabrisse, Geh\u00f6rsch\u00e4den oder Verbrennungen durch Feuerwerksk\u00f6rper in\n die Krankenh\u00e4user bringt.<\/p>\n\n\n\n<p>Damit die Sylvesternacht nicht zu Ihrem Alptraum wird, gibt der Deutsche Feuerwehrverband folgende Tipps f\u00fcr sicheres feiern:<\/p>\n\n\n\n<ul class=\"wp-block-list\"><li>Feuerwerksk\u00f6rper und Raketen sind \u201eSprengstoff\u201c. Lassen Sie Jugendliche unter 18 Jahren nicht damit hantieren.<\/li><li>Beachten Sie unbedingt die Gebrauchshinweise der Hersteller. Mit \nwenigen Ausnahmen ist eine Verwendung von Feuerwerk in geschlossenen \nR\u00e4umen verboten.<\/li><li>Nehmen Sie nach dem Anz\u00fcnden einen ausreichenden \nSicherheitsabstand ein. Werfen Sie Feuerwerksk\u00f6rper und Raketen nicht \nblindlings weg \u2013 und zielen Sie niemals auf Menschen.<\/li><li>Z\u00fcnden Sie nicht gez\u00fcndete Feuerwerksk\u00f6rper (Blindg\u00e4nger) niemals noch einmal.<\/li><li>Stellen Sie auf keinen Fall Feuerwerksk\u00f6rper selbst her. Bewahren \nSie Feuerwerksk\u00f6rper so auf, dass keine Selbstentz\u00fcndung m\u00f6glich ist. \nTragen Sie Feuerwerk niemals am K\u00f6rper, etwa in Jacken- oder \nHosentaschen.<\/li><li>Sch\u00fctzen Sie Ihre Wohnung in der Silvesternacht vor Brandgefahren.\n Entfernen Sie M\u00f6bel, Hausrat und andere brennbare Gegenst\u00e4nde von \nBalkonen und Terrassen. Halten Sie Fenster und T\u00fcren geschlossen.<\/li><li>Halten Sie die \u00f6rtlich vorgeschriebenen Abst\u00e4nde zu Reetdachh\u00e4usern ein.<\/li><li>W\u00e4hlen Sie bei einem Brand oder Unfall sofort den Notruf 112. Nur eine schnelle Meldung bietet Gew\u00e4hr f\u00fcr effektive Hilfe.<\/li><\/ul>\n","protected":false},"excerpt":{"rendered":"<p>Der Nachthimmel taghell Der Beginn eines neuen Jahres wird von vielen Menschen dadurch gefeiert, mit Feuerwerksk\u00f6rpern den Nacht Himmel in ein Meer von Farben zu tauchen. Es wird geschossen und <a class=\"more-link\" href=\"https:\/\/www.feuerwehr-iversheim.de\/?page_id=3143\">Weiterlesen \u2192<\/a><\/p>\n","protected":false},"author":1,"featured_media":0,"parent":147,"menu_order":0,"comment_status":"closed","ping_status":"closed","template":"","meta":{"footnotes":""},"class_list":["post-3143","page","type-page","status-publish","hentry"],"_links":{"self":[{"href":"https:\/\/www.feuerwehr-iversheim.de\/index.php?rest_route=\/wp\/v2\/pages\/3143","targetHints":{"allow":["GET"]}}],"collection":[{"href":"https:\/\/www.feuerwehr-iversheim.de\/index.php?rest_route=\/wp\/v2\/pages"}],"about":[{"href":"https:\/\/www.feuerwehr-iversheim.de\/index.php?rest_route=\/wp\/v2\/types\/page"}],"author":[{"embeddable":true,"href":"https:\/\/www.feuerwehr-iversheim.de\/index.php?rest_route=\/wp\/v2\/users\/1"}],"replies":[{"embeddable":true,"href":"https:\/\/www.feuerwehr-iversheim.de\/index.php?rest_route=%2Fwp%2Fv2%2Fcomments&post=3143"}],"version-history":[{"count":1,"href":"https:\/\/www.feuerwehr-iversheim.de\/index.php?rest_route=\/wp\/v2\/pages\/3143\/revisions"}],"predecessor-version":[{"id":3145,"href":"https:\/\/www.feuerwehr-iversheim.de\/index.php?rest_route=\/wp\/v2\/pages\/3143\/revisions\/3145"}],"up":[{"embeddable":true,"href":"https:\/\/www.feuerwehr-iversheim.de\/index.php?rest_route=\/wp\/v2\/pages\/147"}],"wp:attachment":[{"href":"https:\/\/www.feuerwehr-iversheim.de\/index.php?rest_route=%2Fwp%2Fv2%2Fmedia&parent=3143"}],"curies":[{"name":"wp","href":"https:\/\/api.w.org\/{rel}","templated":true}]}}