{"id":3153,"date":"2019-01-07T23:20:16","date_gmt":"2019-01-07T22:20:16","guid":{"rendered":"https:\/\/www.feuerwehr-iversheim.de\/?page_id=3153"},"modified":"2019-01-24T13:48:45","modified_gmt":"2019-01-24T12:48:45","slug":"kaminbrand","status":"publish","type":"page","link":"https:\/\/www.feuerwehr-iversheim.de\/?page_id=3153","title":{"rendered":"Kaminbrand"},"content":{"rendered":"\n<div class=\"wp-block-image\"><figure class=\"alignleft\"><img loading=\"lazy\" decoding=\"async\" width=\"150\" height=\"150\" src=\"https:\/\/www.feuerwehr-iversheim.de\/wp-content\/uploads\/2019\/01\/Kaminbrand-150x150.jpg\" alt=\"\" class=\"wp-image-3154\"\/><\/figure><\/div>\n\n\n\n<p>Helfen Sie mit Kaminbr\u00e4nde zu vermeiden&#8230;   Die Feuerwehren werden immer wieder, insbesondere in der  winterlichen Heizperiode, zu Schornsteinbr\u00e4nden gerufen. Gerade wenn  Holz als Brennstoff dient fangen die Verbrennungsr\u00fcckst\u00e4nde im  Schornstein leicht Feuer.<\/p>\n\n\n\n<p>Dies begr\u00fcndet sich in der Tatsache, dass \ndas verbrannte Holz nicht richtig abgetrocknet war. Auch wenn sich die \nHolzscheite trocken anf\u00fchlen, kann das Innere noch feucht sein, so dass \nder beschriebene Ablagerungsprozess beschleunigt wird.<\/p>\n\n\n\n<p>Beachten Sie bitte bei einem Schornsteinbrand folgendes:<\/p>\n\n\n\n<p>Rufen Sie die Feuerwehr \u00fcber die Notrufnummer:<\/p>\n\n\n\n<h1 class=\"wp-block-heading\">112<\/h1>\n\n\n\n<p>Versuchen\n Sie niemals, den Schornsteinbrand durch Einbringen von Wasser zu \nl\u00f6schen. Damit k\u00f6nnen Sie sich selbst oder ihrem Haus gro\u00dfen Schaden \nzuf\u00fcgen.<\/p>\n\n\n\n<p><strong>Ein Liter Wasser verdampft bei einer Temperatur ab 100\u00b0 C zu 1700 Litern Wasserdampf.<\/strong> Der dabei schlagartig entstehende Dampfdruck ist so hoch, dass der Schornstein bersten kann.<\/p>\n","protected":false},"excerpt":{"rendered":"<p>Helfen Sie mit Kaminbr\u00e4nde zu vermeiden&#8230; Die Feuerwehren werden immer wieder, insbesondere in der winterlichen Heizperiode, zu Schornsteinbr\u00e4nden gerufen. Gerade wenn Holz als Brennstoff dient fangen die Verbrennungsr\u00fcckst\u00e4nde im Schornstein <a class=\"more-link\" href=\"https:\/\/www.feuerwehr-iversheim.de\/?page_id=3153\">Weiterlesen \u2192<\/a><\/p>\n","protected":false},"author":1,"featured_media":0,"parent":147,"menu_order":0,"comment_status":"closed","ping_status":"closed","template":"","meta":{"footnotes":""},"class_list":["post-3153","page","type-page","status-publish","hentry"],"_links":{"self":[{"href":"https:\/\/www.feuerwehr-iversheim.de\/index.php?rest_route=\/wp\/v2\/pages\/3153","targetHints":{"allow":["GET"]}}],"collection":[{"href":"https:\/\/www.feuerwehr-iversheim.de\/index.php?rest_route=\/wp\/v2\/pages"}],"about":[{"href":"https:\/\/www.feuerwehr-iversheim.de\/index.php?rest_route=\/wp\/v2\/types\/page"}],"author":[{"embeddable":true,"href":"https:\/\/www.feuerwehr-iversheim.de\/index.php?rest_route=\/wp\/v2\/users\/1"}],"replies":[{"embeddable":true,"href":"https:\/\/www.feuerwehr-iversheim.de\/index.php?rest_route=%2Fwp%2Fv2%2Fcomments&post=3153"}],"version-history":[{"count":1,"href":"https:\/\/www.feuerwehr-iversheim.de\/index.php?rest_route=\/wp\/v2\/pages\/3153\/revisions"}],"predecessor-version":[{"id":3155,"href":"https:\/\/www.feuerwehr-iversheim.de\/index.php?rest_route=\/wp\/v2\/pages\/3153\/revisions\/3155"}],"up":[{"embeddable":true,"href":"https:\/\/www.feuerwehr-iversheim.de\/index.php?rest_route=\/wp\/v2\/pages\/147"}],"wp:attachment":[{"href":"https:\/\/www.feuerwehr-iversheim.de\/index.php?rest_route=%2Fwp%2Fv2%2Fmedia&parent=3153"}],"curies":[{"name":"wp","href":"https:\/\/api.w.org\/{rel}","templated":true}]}}