{"id":3156,"date":"2019-01-07T23:20:54","date_gmt":"2019-01-07T22:20:54","guid":{"rendered":"https:\/\/www.feuerwehr-iversheim.de\/?page_id=3156"},"modified":"2019-01-07T23:20:54","modified_gmt":"2019-01-07T22:20:54","slug":"spiel-mit-dem-feuer","status":"publish","type":"page","link":"https:\/\/www.feuerwehr-iversheim.de\/?page_id=3156","title":{"rendered":"Spiel mit dem Feuer"},"content":{"rendered":"\n<p>10 \u201cfeurige\u201d Ratschl\u00e4ge f\u00fcr Eltern und Erzieher Auf dieser Seite m\u00f6chten wir die M\u00f6glichkeiten Kindern im Umgang mit  den Gefahren des Feuers und dessen Auswirkungen vertraut zu machen  auff\u00fchren.<\/p>\n\n\n\n<ul class=\"wp-block-list\"><li>Kinder sollen von ihren Eltern darauf aufmerksam gemacht werden, \ndas Feuer hei\u00df ist. Ohne das Kind zu gef\u00e4hrden, beginnen umsichtige \nEltern damit bereits bei ein bis zwei Jahre alten Kindern, indem sie die\n Kinderhand langsam an eine Kerzenflamme heranf\u00fchren.<\/li><li>Der kindliche Spiel- und Nachahmungstrieb will gestillt sein. \nUmsichtige Eltern nehmen darauf R\u00fccksicht. Sie erlauben ihren Kindern \nunter Aufsicht den Umgang mit Streichh\u00f6lzern und Feuer wann immer es \nsich anbietet. Zum Beispiel, um Vater die Zigarette anzuz\u00fcnden. Wenn \nGeburtstagskerzen oder ein Teest\u00f6vchen angez\u00fcndet werden.<\/li><li>Der richtige Umgang mit Streichh\u00f6lzern will gelernt sein. Umsichtige\n Eltern zeigen ihren Kindern darum die richtige Streichholzhaltung:<ul><li>Das Holz nicht zu lang fassen, sonst bricht es ab.<\/li><li>Das Streichholz nicht schr\u00e4g nach \nunten, sondern waagerecht halten, sonst schl\u00e4gt die Flamme gegen die \nKinderhand und das brennende Streichholz wird in einer Schreckreaktion \nfallen gelassen.<\/li><\/ul><\/li><li>Verbote und Strafdrohungen fordern nur den kindlichen Trotz heraus. \nSie f\u00fchren zur Heimlichkeit. Das Kind z\u00fcndelt im Geheimen. Wenn dann \netwas passiert, wagt es das Kind aus Angst nicht, Erwachsene zur Hilfe \nzu rufen. Dadurch wird alles nur noch schlimmer.<\/li><li>Aufmerksame Eltern f\u00fchren ihre Kinder gar nicht erst in die \nVersuchung. Sie schlie\u00dfen Streichh\u00f6lzer und Feuerzeuge konsequent weg, \ndamit sie nicht mehr in der Reichweite des Kindes sind. Diese \u201cstille\u201d \nVorsichtsma\u00dfnahme ist um so wichtiger, wenn Kinder h\u00e4ufig alleine sind.<\/li><li>Lassen Sie von Kindern beim Einkauf keine Streichh\u00f6lzer mitbringen. So k\u00f6nnen Eltern ihre Kinder nicht in Versuchung f\u00fchren.<\/li><li>Zum Indianerspiel geh\u00f6rt f\u00fcr den richtigen Jungen auch ein \nknisterndes Lagerfeuer. Auch hier hilft kein Verbot! Ein umsichtiger \nVater wird beim ersten Indianerfeuer dabei sein, damit die kleine \n\u201cRothaut\u201d fachm\u00e4nnischen Rat erh\u00e4lt und Vorsichtsma\u00dfregeln zur \nSelbstverst\u00e4ndlichkeit werden.<\/li><li>Die erste Zigarette wird heimlich gepafft. In der Scheune, auf dem \nDachboden, in einem verschwiegenen Geb\u00fcsch. Das ist die Folge des \nVerbots! Umsichtige Eltern werden der kindlichen Rauchneugier entgegen \nkommen und eine erste erlaubte Zigarette  in ihrem Beisein rauchen \nlassen. Dieses erste verhustete Erlebnis gen\u00fcgt oft als l\u00e4ngerfristige \n\u201cHeilung\u201d vom Rauchen.<\/li><li>Wissenschaftliche Lern &#8211; und Experimentierspiele (z.B. \n\u201cChemiek\u00e4sten\u201d) haben oft gro\u00dfen p\u00e4dagogischen Wert, sind aber nicht \nimmer ungef\u00e4hrlich. Umsichtige Eltern werden ihren Kindern in Ruhe mit \ndem dabei notwendigen Umgang mit offenem Feuer und den verschiedenen \nGefahren (Chemikalien etc.) vertraut machen.<\/li><li>Umsichtige Eltern lassen Kleinkinder niemals bei offenem Licht \nunbeaufsichtigt. Die z\u00fcngelnde Flamme \u00fcbt eine \u201chypnotische \nAnziehungskraft\u201d aus. Ohne B\u00f6swilligkeit entstehen dadurch schnell \nWohnungsbr\u00e4nde, die vor allem das Leben des Kindes selbst gef\u00e4hrden.<\/li><\/ul>\n","protected":false},"excerpt":{"rendered":"<p>10 \u201cfeurige\u201d Ratschl\u00e4ge f\u00fcr Eltern und Erzieher Auf dieser Seite m\u00f6chten wir die M\u00f6glichkeiten Kindern im Umgang mit den Gefahren des Feuers und dessen Auswirkungen vertraut zu machen auff\u00fchren. Kinder <a class=\"more-link\" href=\"https:\/\/www.feuerwehr-iversheim.de\/?page_id=3156\">Weiterlesen \u2192<\/a><\/p>\n","protected":false},"author":1,"featured_media":0,"parent":147,"menu_order":0,"comment_status":"closed","ping_status":"closed","template":"","meta":{"footnotes":""},"class_list":["post-3156","page","type-page","status-publish","hentry"],"_links":{"self":[{"href":"https:\/\/www.feuerwehr-iversheim.de\/index.php?rest_route=\/wp\/v2\/pages\/3156","targetHints":{"allow":["GET"]}}],"collection":[{"href":"https:\/\/www.feuerwehr-iversheim.de\/index.php?rest_route=\/wp\/v2\/pages"}],"about":[{"href":"https:\/\/www.feuerwehr-iversheim.de\/index.php?rest_route=\/wp\/v2\/types\/page"}],"author":[{"embeddable":true,"href":"https:\/\/www.feuerwehr-iversheim.de\/index.php?rest_route=\/wp\/v2\/users\/1"}],"replies":[{"embeddable":true,"href":"https:\/\/www.feuerwehr-iversheim.de\/index.php?rest_route=%2Fwp%2Fv2%2Fcomments&post=3156"}],"version-history":[{"count":1,"href":"https:\/\/www.feuerwehr-iversheim.de\/index.php?rest_route=\/wp\/v2\/pages\/3156\/revisions"}],"predecessor-version":[{"id":3157,"href":"https:\/\/www.feuerwehr-iversheim.de\/index.php?rest_route=\/wp\/v2\/pages\/3156\/revisions\/3157"}],"up":[{"embeddable":true,"href":"https:\/\/www.feuerwehr-iversheim.de\/index.php?rest_route=\/wp\/v2\/pages\/147"}],"wp:attachment":[{"href":"https:\/\/www.feuerwehr-iversheim.de\/index.php?rest_route=%2Fwp%2Fv2%2Fmedia&parent=3156"}],"curies":[{"name":"wp","href":"https:\/\/api.w.org\/{rel}","templated":true}]}}