{"id":3158,"date":"2019-01-07T23:23:47","date_gmt":"2019-01-07T22:23:47","guid":{"rendered":"https:\/\/www.feuerwehr-iversheim.de\/?page_id=3158"},"modified":"2019-01-24T13:48:58","modified_gmt":"2019-01-24T12:48:58","slug":"gasmelder","status":"publish","type":"page","link":"https:\/\/www.feuerwehr-iversheim.de\/?page_id=3158","title":{"rendered":"Gasmelder"},"content":{"rendered":"\n<div class=\"wp-block-image\"><figure class=\"alignleft\"><img loading=\"lazy\" decoding=\"async\" width=\"150\" height=\"150\" src=\"https:\/\/www.feuerwehr-iversheim.de\/wp-content\/uploads\/2019\/01\/Gasherd-150x150.jpg\" alt=\"\" class=\"wp-image-3159\"\/><\/figure><\/div>\n\n\n\n<p>Was bringen Gasmelder?   Erdgas und Fl\u00fcssiggas sind weit verbreitet \u2013 beim kochen und  heizen zu Hause, in Wohnmobilen und Caravans. Beim Umgang mit diesen  leicht entflammbaren Gasen kann es zu schweren Explosionen und Br\u00e4nden  kommen \u2013 mit fatalen Auswirkungen. Gasmelder beugen hier vor, indem sie  bereits bei 5 bis 20 % des unteren Explosionspunktes ein Warnsignal  abgegeben. So werden Sie schon gewarnt, bevor es zu sp\u00e4t ist und k\u00f6nnen  schnell durchl\u00fcften und alle Ma\u00dfnahmen gegen den Austritt des Gases  ergreifen. <\/p>\n\n\n\n<p>Montageorte f\u00fcr Erdgasmelder:<\/p>\n\n\n\n<p>Methan (CH4) ist leichter als Luft, es wird also aufsteigen. Zum  Aufsp\u00fcren des Gases sollte der Gasmelder an einem Punkt angebracht  werden, der h\u00f6her liegt als das h\u00f6chste Fenster bzw. die h\u00f6chste T\u00fcr.  Der Gasmelder sollte daher ca. 30 cm unter der decke sowie mindestens 1 \u2013  2 m vom Gasbetriebenen Ger\u00e4t angebracht werden. (Hausanschlussraum,  Heizungsraum, Gasherde)<\/p>\n\n\n\n<p>Montageorte f\u00fcr Flaschengasmelder:<\/p>\n\n\n\n<p>Propan und Butan sind schwerer  als Luft, so werden sich die Gase nach unten absetzen. Zum aufsp\u00fcren des  Gases sollte der Gasmelder ca. 30 cm \u00fcber dem Boden und mindestens 1 \u2013 2  m vom Gasbetriebenen Ger\u00e4t installiert werden. (Wohnwagen- Mobile,  Motor- Segelboote) <\/p>\n\n\n\n<p>M\u00f6gliche Fehlalarme:<\/p>\n\n\n\n<p>Haarspray kann ein Ausl\u00f6ser sein. Das Warnsystem ist seinem Zweck entsprechend und zu ihrer  Sicherheit, sehr empfindlich eingestellt . Der Sensor des Systems  spricht deshalb auch auf andere gasf\u00f6rmige Medien an. Der Gebrauch von  Aerosolen ( Treibgas in Sprays f\u00fcr Haare, Desinfektion, usw.) aber auch  starker Qualm (rauchende Skatrunde) und K\u00fcchendunst kann zu  Falschalarmen f\u00fchren. <\/p>\n","protected":false},"excerpt":{"rendered":"<p>Was bringen Gasmelder? Erdgas und Fl\u00fcssiggas sind weit verbreitet \u2013 beim kochen und heizen zu Hause, in Wohnmobilen und Caravans. Beim Umgang mit diesen leicht entflammbaren Gasen kann es zu <a class=\"more-link\" href=\"https:\/\/www.feuerwehr-iversheim.de\/?page_id=3158\">Weiterlesen \u2192<\/a><\/p>\n","protected":false},"author":1,"featured_media":0,"parent":147,"menu_order":0,"comment_status":"closed","ping_status":"closed","template":"","meta":{"footnotes":""},"class_list":["post-3158","page","type-page","status-publish","hentry"],"_links":{"self":[{"href":"https:\/\/www.feuerwehr-iversheim.de\/index.php?rest_route=\/wp\/v2\/pages\/3158","targetHints":{"allow":["GET"]}}],"collection":[{"href":"https:\/\/www.feuerwehr-iversheim.de\/index.php?rest_route=\/wp\/v2\/pages"}],"about":[{"href":"https:\/\/www.feuerwehr-iversheim.de\/index.php?rest_route=\/wp\/v2\/types\/page"}],"author":[{"embeddable":true,"href":"https:\/\/www.feuerwehr-iversheim.de\/index.php?rest_route=\/wp\/v2\/users\/1"}],"replies":[{"embeddable":true,"href":"https:\/\/www.feuerwehr-iversheim.de\/index.php?rest_route=%2Fwp%2Fv2%2Fcomments&post=3158"}],"version-history":[{"count":1,"href":"https:\/\/www.feuerwehr-iversheim.de\/index.php?rest_route=\/wp\/v2\/pages\/3158\/revisions"}],"predecessor-version":[{"id":3160,"href":"https:\/\/www.feuerwehr-iversheim.de\/index.php?rest_route=\/wp\/v2\/pages\/3158\/revisions\/3160"}],"up":[{"embeddable":true,"href":"https:\/\/www.feuerwehr-iversheim.de\/index.php?rest_route=\/wp\/v2\/pages\/147"}],"wp:attachment":[{"href":"https:\/\/www.feuerwehr-iversheim.de\/index.php?rest_route=%2Fwp%2Fv2%2Fmedia&parent=3158"}],"curies":[{"name":"wp","href":"https:\/\/api.w.org\/{rel}","templated":true}]}}