{"id":3161,"date":"2019-01-07T23:26:39","date_gmt":"2019-01-07T22:26:39","guid":{"rendered":"https:\/\/www.feuerwehr-iversheim.de\/?page_id=3161"},"modified":"2019-11-20T10:56:24","modified_gmt":"2019-11-20T09:56:24","slug":"rauchmelder","status":"publish","type":"page","link":"https:\/\/www.feuerwehr-iversheim.de\/?page_id=3161","title":{"rendered":"Rauchmelder"},"content":{"rendered":"\n<div class=\"wp-block-image\"><figure class=\"alignleft\"><img loading=\"lazy\" decoding=\"async\" width=\"200\" height=\"170\" src=\"https:\/\/www.feuerwehr-iversheim.de\/wp-content\/uploads\/2019\/01\/Rauchmelder.jpg\" alt=\"\" class=\"wp-image-3163\"\/><\/figure><\/div>\n\n\n\n<p>Was nutzt mir ein Rauchmelder?   Sie werden sich denken wof\u00fcr brauche ich einen Rauchmelder? Aber  \u00fcberlegen Sie mal: In der Bundesrepublik Deutschland sterben pro Jahr  mehr als <strong>600 Menschen<\/strong> durch Feuer und vor allem durch Rauch. \u00dcber <strong>5.000 Menschen<\/strong> werden bei Br\u00e4nden verletzt. Die durch Wohnungsbr\u00e4nde verursachten Sachsch\u00e4den belaufen sich auf <strong>mehrere  Millionen Euro<\/strong>.<\/p>\n\n\n\n<p>Jetzt\n werden sie sich sagen &#8222;Bei mir passiert das nicht!&#8220;. Dabei sind die \nUrsachen f\u00fcr Feuer so vielf\u00e4ltig. \u00dcberhitzung von elektrischen Ger\u00e4ten \ndurch Stand &#8211; by &#8211; Schaltung, z\u00fcndelnde Kinder oder eine brennende \nZigarette auf dem Sofa &#8211; diese und viele andere Faktoren k\u00f6nnen die \neigenen vier W\u00e4nde in ein Inferno verwandeln aus dem Sie und ihre \nFamilie vielleicht nicht lebendig herausfinden.<\/p>\n\n\n\n<p>Denn  aller Br\u00e4nde\n entstehen Nachts, wenn sie schlafen. Wer glaubt, Rauch im Schlaf zu \nbemerken, der irrt. Im Schlaf ist unser Geruchssinn ausgeschaltet. Durch\n giftige Brandgase, wie Kohlenmonoxid (geruchlos), verliert der \nSchlafende sein Bewusstsein bevor er sich retten kann.  aller Opfer \nsterben nicht durch Feuer, sondern durch den giftigen Brandrauch. Das \nFeuer breitet sich blitzschnell aus. In weniger als 30 Sekunden kann es \nau\u00dfer Kontrolle geraten. In 5 Minuten k\u00f6nnen die eigenen vier W\u00e4nde \ndurch den Brand zerst\u00f6rt werden.<\/p>\n\n\n\n<div class=\"wp-block-image\"><figure class=\"alignright\"><img loading=\"lazy\" decoding=\"async\" width=\"300\" height=\"272\" src=\"https:\/\/www.feuerwehr-iversheim.de\/wp-content\/uploads\/2019\/01\/Rauchmelder-Haus-300x272.jpg\" alt=\"\" class=\"wp-image-3162\" srcset=\"https:\/\/www.feuerwehr-iversheim.de\/wp-content\/uploads\/2019\/01\/Rauchmelder-Haus-300x272.jpg 300w, https:\/\/www.feuerwehr-iversheim.de\/wp-content\/uploads\/2019\/01\/Rauchmelder-Haus.jpg 507w\" sizes=\"auto, (max-width: 300px) 100vw, 300px\" \/><\/figure><\/div>\n\n\n\n<p>Feuer\n bedeutet vor allem Dunkelheit und den Verlust der Orientierung: \nVerqualmte, ru\u00dfschwarze R\u00e4ume erschweren die Rettung zus\u00e4tzlich. \nAngesichts dieser Gefahren bietet ein Rauchmelder den besten Schutz. \nSein lauter Alarmton warnt fr\u00fchzeitig und verschafft einen zeitlichen \nVorsprung, der Leben rettet.<\/p>\n\n\n\n<p>Rauchmelder sollten grunds\u00e4tzlich da  eingesetzt werden wo elektrische Ger\u00e4te benutzt werden. Sinnvoll sind  sie vor allem in Schlafr\u00e4umen und Kinderzimmern. Einfamilienh\u00e4user  sollten zus\u00e4tzlich durch die Montage von Meldern auf den Fluren  s\u00e4mtlicher Etagen gesichert werden. Um einen Mindestschutz zu  gew\u00e4hrleisten, sollte wenigstens ein Rauchmelder pro Etage vorhanden  sein. In K\u00fcche und Bad ist eine Installation nicht ratsam, da der Alarm  durch Koch &#8211; oder Wasserd\u00e4mpfe ausgel\u00f6st werden kann.<\/p>\n\n\n\n<figure class=\"wp-block-embed-youtube wp-block-embed is-type-video is-provider-youtube wp-embed-aspect-16-9 wp-has-aspect-ratio\"><div class=\"wp-block-embed__wrapper\">\n<iframe loading=\"lazy\" width=\"678\" height=\"381\" src=\"https:\/\/www.youtube.com\/embed\/PvQmSTHpat0?feature=oembed\" frameborder=\"0\" allow=\"accelerometer; autoplay; encrypted-media; gyroscope; picture-in-picture\" allowfullscreen><\/iframe>\n<\/div><\/figure>\n\n\n\n<p><a href=\"https:\/\/www.rauchmelder-lebensretter.de\/\" target=\"_blank\" rel=\"noreferrer noopener\" aria-label=\"&gt;&gt;HIER<< (\u00f6ffnet in neuem Tab)\">>>HIER&lt;&lt;<\/a> geht es zu &#8222;Rauchmelder retten Leben&#8220;<\/p>\n","protected":false},"excerpt":{"rendered":"<p>Was nutzt mir ein Rauchmelder? Sie werden sich denken wof\u00fcr brauche ich einen Rauchmelder? Aber \u00fcberlegen Sie mal: In der Bundesrepublik Deutschland sterben pro Jahr mehr als 600 Menschen durch <a class=\"more-link\" href=\"https:\/\/www.feuerwehr-iversheim.de\/?page_id=3161\">Weiterlesen \u2192<\/a><\/p>\n","protected":false},"author":1,"featured_media":0,"parent":147,"menu_order":0,"comment_status":"closed","ping_status":"closed","template":"","meta":{"footnotes":""},"class_list":["post-3161","page","type-page","status-publish","hentry"],"_links":{"self":[{"href":"https:\/\/www.feuerwehr-iversheim.de\/index.php?rest_route=\/wp\/v2\/pages\/3161","targetHints":{"allow":["GET"]}}],"collection":[{"href":"https:\/\/www.feuerwehr-iversheim.de\/index.php?rest_route=\/wp\/v2\/pages"}],"about":[{"href":"https:\/\/www.feuerwehr-iversheim.de\/index.php?rest_route=\/wp\/v2\/types\/page"}],"author":[{"embeddable":true,"href":"https:\/\/www.feuerwehr-iversheim.de\/index.php?rest_route=\/wp\/v2\/users\/1"}],"replies":[{"embeddable":true,"href":"https:\/\/www.feuerwehr-iversheim.de\/index.php?rest_route=%2Fwp%2Fv2%2Fcomments&post=3161"}],"version-history":[{"count":2,"href":"https:\/\/www.feuerwehr-iversheim.de\/index.php?rest_route=\/wp\/v2\/pages\/3161\/revisions"}],"predecessor-version":[{"id":4112,"href":"https:\/\/www.feuerwehr-iversheim.de\/index.php?rest_route=\/wp\/v2\/pages\/3161\/revisions\/4112"}],"up":[{"embeddable":true,"href":"https:\/\/www.feuerwehr-iversheim.de\/index.php?rest_route=\/wp\/v2\/pages\/147"}],"wp:attachment":[{"href":"https:\/\/www.feuerwehr-iversheim.de\/index.php?rest_route=%2Fwp%2Fv2%2Fmedia&parent=3161"}],"curies":[{"name":"wp","href":"https:\/\/api.w.org\/{rel}","templated":true}]}}