{"id":3165,"date":"2019-01-07T23:33:37","date_gmt":"2019-01-07T22:33:37","guid":{"rendered":"https:\/\/www.feuerwehr-iversheim.de\/?page_id=3165"},"modified":"2019-01-24T13:51:03","modified_gmt":"2019-01-24T12:51:03","slug":"zwei-minuten-entscheiden","status":"publish","type":"page","link":"https:\/\/www.feuerwehr-iversheim.de\/?page_id=3165","title":{"rendered":"Zwei Minuten entscheiden"},"content":{"rendered":"\n<div class=\"wp-block-image\"><figure class=\"alignleft\"><img loading=\"lazy\" decoding=\"async\" width=\"150\" height=\"150\" src=\"https:\/\/www.feuerwehr-iversheim.de\/wp-content\/uploads\/2019\/01\/Zimmerbrand-150x150.jpg\" alt=\"\" class=\"wp-image-3166\"\/><\/figure><\/div>\n\n\n\n<p>Hier muss schnell und \u00fcberlegt gehandelt werden!<br><\/p>\n\n\n\n<p>Ein Brand hat meistens eine kleine Ursache. Unbeaufsichtigte  Kerzen, fallen gelassene Zigaretten oder elektrische Kurzschl\u00fcsse, sind  h\u00e4ufig Ursache f\u00fcr einen Wohnungsbrand. Wenn man den Brand fr\u00fch  entdeckt, kann mit den geeigneten L\u00f6schmitteln (Feuerl\u00f6scher,  Wandhydrant, Gartenschlauch&#8230;) gro\u00dfer Schaden verhindert werden. Dies  ist aber nur in den ersten zwei Minuten m\u00f6glich, da ein Brand sich von  einem kleinen Feuer rasend schnell zu einem kompletten Zimmerbrand  ausweitet.<\/p>\n\n\n\n<p>In unserem Beispiel wurde ein durchschnittliches Wohnzimmer\n aufgebaut. In diesem Wohnzimmer wird eine brennende Kerze auf einen \nSessel gelegt. In der ersten Minute passiert noch nicht viel. Das Sofa \nf\u00e4ngt langsam an zubrennen und die Flammen fressen sich immer h\u00f6her. \nNach ca. 1 Minute wird ein Rauchmelder, der an der Decke des Raumes \ninstalliert ist, ausgel\u00f6st. Zu diesem Zeitpunkt w\u00e4re ein L\u00f6schversuch \nnoch m\u00f6glich.<\/p>\n\n\n\n<p>Innerhalb der zweiten Minute dehnt sich der Brand \nimmer weiter auf den Raum aus. Nach ca. 3-4 Minuten hat sich schwarzer \nBrandrauch unter der Decke gesammelt, der einem Menschen den Aufenthalt \nin diesem Raum ohne Schutzausr\u00fcstung unm\u00f6glich macht. Auch die \nTemperatur ist inzwischen stark angestiegen. W\u00e4hrend Sie nach 3 Minuten \nnoch ca. 40 \u00b0C betr\u00e4gt, steigt sie innerhalb der n\u00e4chsten Minute auf \n\u00fcber 300 \u00b0C an. Nach 5 Minuten hat die Temepratur \u00fcber 800 \u00b0C erreicht \nund der Raum ist vom Boden bis zur Decke mit schwarzem Brandrauch \ngef\u00fcllt, obwohl durch die offene T\u00fcr Brandrauch aus dem Raum entweichen \nkann.<\/p>\n\n\n\n<p>Durch diese Tatsachen wird einem nun klar, wie wichtig es  ist, dass Br\u00e4nde fr\u00fch entdeckt und damit auch fr\u00fch bek\u00e4mpft werden  k\u00f6nnen. Um Sch\u00e4den durch Brandeinwirkung so gering wie m\u00f6glich zu  halten, sind wir auf Ihre Mithilfe angewiesen! H\u00e4ngen Sie in Ihrer  Wohnung Rauchmelder auf! Bleiben Sie im Brandfall ruhig und handeln Sie  nicht \u00fcberst\u00fcrtzt, in dem Sie sich selber in Gefahr bringen. Melden Sie  Brandgeschehen so fr\u00fch wie m\u00f6glich! Machen Sie andere Mitmenschen auf  die Gefahr aufmerksam! Helfen Sie uns im Kampf gegen Zimmer und  Wohnungsbr\u00e4nde!!!<\/p>\n\n\n\n<p><a href=\"https:\/\/www.youtube.com\/watch?v=-t_JA-2b8ac\" target=\"_blank\" rel=\"noreferrer noopener\" aria-label=\" (\u00f6ffnet in neuem Tab)\">https:\/\/www.youtube.com\/watch?v=-t_JA-2b8ac<\/a><\/p>\n","protected":false},"excerpt":{"rendered":"<p>Hier muss schnell und \u00fcberlegt gehandelt werden! Ein Brand hat meistens eine kleine Ursache. Unbeaufsichtigte Kerzen, fallen gelassene Zigaretten oder elektrische Kurzschl\u00fcsse, sind h\u00e4ufig Ursache f\u00fcr einen Wohnungsbrand. Wenn man <a class=\"more-link\" href=\"https:\/\/www.feuerwehr-iversheim.de\/?page_id=3165\">Weiterlesen \u2192<\/a><\/p>\n","protected":false},"author":1,"featured_media":0,"parent":147,"menu_order":0,"comment_status":"closed","ping_status":"closed","template":"","meta":{"footnotes":""},"class_list":["post-3165","page","type-page","status-publish","hentry"],"_links":{"self":[{"href":"https:\/\/www.feuerwehr-iversheim.de\/index.php?rest_route=\/wp\/v2\/pages\/3165","targetHints":{"allow":["GET"]}}],"collection":[{"href":"https:\/\/www.feuerwehr-iversheim.de\/index.php?rest_route=\/wp\/v2\/pages"}],"about":[{"href":"https:\/\/www.feuerwehr-iversheim.de\/index.php?rest_route=\/wp\/v2\/types\/page"}],"author":[{"embeddable":true,"href":"https:\/\/www.feuerwehr-iversheim.de\/index.php?rest_route=\/wp\/v2\/users\/1"}],"replies":[{"embeddable":true,"href":"https:\/\/www.feuerwehr-iversheim.de\/index.php?rest_route=%2Fwp%2Fv2%2Fcomments&post=3165"}],"version-history":[{"count":4,"href":"https:\/\/www.feuerwehr-iversheim.de\/index.php?rest_route=\/wp\/v2\/pages\/3165\/revisions"}],"predecessor-version":[{"id":3235,"href":"https:\/\/www.feuerwehr-iversheim.de\/index.php?rest_route=\/wp\/v2\/pages\/3165\/revisions\/3235"}],"up":[{"embeddable":true,"href":"https:\/\/www.feuerwehr-iversheim.de\/index.php?rest_route=\/wp\/v2\/pages\/147"}],"wp:attachment":[{"href":"https:\/\/www.feuerwehr-iversheim.de\/index.php?rest_route=%2Fwp%2Fv2%2Fmedia&parent=3165"}],"curies":[{"name":"wp","href":"https:\/\/api.w.org\/{rel}","templated":true}]}}