{"id":3287,"date":"2019-01-24T15:27:54","date_gmt":"2019-01-24T14:27:54","guid":{"rendered":"https:\/\/www.feuerwehr-iversheim.de\/?page_id=3287"},"modified":"2019-01-24T15:27:54","modified_gmt":"2019-01-24T14:27:54","slug":"hitzeschutzkleidung","status":"publish","type":"page","link":"https:\/\/www.feuerwehr-iversheim.de\/?page_id=3287","title":{"rendered":"Hitzeschutzkleidung"},"content":{"rendered":"\n<div class=\"wp-block-image\"><figure class=\"alignleft\"><img loading=\"lazy\" decoding=\"async\" width=\"307\" height=\"230\" src=\"https:\/\/www.feuerwehr-iversheim.de\/wp-content\/uploads\/2019\/01\/Hitzeschutzkleidung_1.jpg\" alt=\"\" class=\"wp-image-3288\" srcset=\"https:\/\/www.feuerwehr-iversheim.de\/wp-content\/uploads\/2019\/01\/Hitzeschutzkleidung_1.jpg 307w, https:\/\/www.feuerwehr-iversheim.de\/wp-content\/uploads\/2019\/01\/Hitzeschutzkleidung_1-300x225.jpg 300w\" sizes=\"auto, (max-width: 307px) 100vw, 307px\" \/><\/figure><\/div>\n\n\n\n<p><strong>Starker Schutz gegen starke Hitze<\/strong><\/p>\n\n\n\n<p>Hitzeschutzkleidung hat die Aufgabe, den menschlichen K\u00f6rper vor  der sch\u00e4digenden Wirkung hoher Temperaturen zu sch\u00fctzen; das hei\u00dft, mit  ihr soll dem K\u00f6rper ein Schutzschild gegeben werden, hinter dem  Normalklima, oder mindestens ein dem menschlichen K\u00f6rper ertr\u00e4gliches  Klima herrscht, obwohl sich der Mensch in einer extrem hei\u00dfen Zone  bewegt.<\/p>\n\n\n\n<p> Als wirksamstes Mittel zur Abwehr von W\u00e4rmestrahlung hat sich die  Ausnutzung der Reflektion erwiesen. Doch erst seit es technisch m\u00f6glich  ist, Gewebe mit Metallen so zu bewehren, dass eine spiegelnde Oberfl\u00e4che  entsteht, l\u00e4sst sich die Reflektion als Schutz des Menschen vor der  strahlenden W\u00e4rme praktisch auswerten. Je nach Intensit\u00e4t der  W\u00e4rmebelastung muss die Reflektion durch Isolation oder K\u00fchlung  unterst\u00fctzt werden, weil die spiegelnde Oberfl\u00e4che immer nur einen Teil  der Strahlung reflektieren kann. Die Auswahl der zweckm\u00e4\u00dfigsten  Ausr\u00fcstung kann deshalb nur unter dem Gesichtspunkt der speziellen  Aufgaben einer Wehr erfolgen.<\/p>\n\n\n\n<div class=\"wp-block-media-text alignwide\" style=\"grid-template-columns:24% auto\"><figure class=\"wp-block-media-text__media\"><img loading=\"lazy\" decoding=\"async\" width=\"129\" height=\"253\" src=\"https:\/\/www.feuerwehr-iversheim.de\/wp-content\/uploads\/2019\/01\/Hitzeschutzkleidung_3.jpg\" alt=\"\" class=\"wp-image-3289\"\/><\/figure><div class=\"wp-block-media-text__content\">\n<p><strong>Typ 1<\/strong><\/p>\n\n\n\n<p><strong><em>Geringe W\u00e4rmebelastung = leichter Schutz <\/em><br>bestehend aus:<\/strong><\/p>\n\n\n\n<p>Einteilige Kopfhaube, Hochtemperatur-Fausthandschuhen, einteilig gebogenes Goldbedampftes Verbundglasfenster<\/p>\n<\/div><\/div>\n\n\n\n<div class=\"wp-block-media-text alignwide has-media-on-the-right\" style=\"grid-template-columns:auto 41%\"><figure class=\"wp-block-media-text__media\"><img loading=\"lazy\" decoding=\"async\" width=\"384\" height=\"512\" src=\"https:\/\/www.feuerwehr-iversheim.de\/wp-content\/uploads\/2019\/01\/Hitzeschutzkleidung_2.jpg\" alt=\"\" class=\"wp-image-3290\" srcset=\"https:\/\/www.feuerwehr-iversheim.de\/wp-content\/uploads\/2019\/01\/Hitzeschutzkleidung_2.jpg 384w, https:\/\/www.feuerwehr-iversheim.de\/wp-content\/uploads\/2019\/01\/Hitzeschutzkleidung_2-225x300.jpg 225w\" sizes=\"auto, (max-width: 384px) 100vw, 384px\" \/><\/figure><div class=\"wp-block-media-text__content\">\n<p><strong>Typ 2<\/strong><\/p>\n\n\n\n<p><strong><em>Mittlere W\u00e4rmebelastung = mittlerer Schutz<\/em><br>bestehend aus:<\/strong><\/p>\n\n\n\n<p>Kopfhaube mit Feuerschutzmantel, Hochtemperatur-Fausthandschuhen, \neinteilig gebogenes Goldbedampftes Verbundglasfenster (Diese ist bei uns\n vorhanden)<\/p>\n<\/div><\/div>\n\n\n\n<div class=\"wp-block-media-text alignwide\" style=\"grid-template-columns:33% auto\"><figure class=\"wp-block-media-text__media\"><img loading=\"lazy\" decoding=\"async\" width=\"129\" height=\"253\" src=\"https:\/\/www.feuerwehr-iversheim.de\/wp-content\/uploads\/2019\/01\/Hitzeschutzkleidung_4.jpg\" alt=\"\" class=\"wp-image-3291\"\/><\/figure><div class=\"wp-block-media-text__content\">\n<p><strong>Typ 3<\/strong><\/p>\n\n\n\n<p><strong><em>Starke W\u00e4rmebelastung = schwerer Schutz<\/em><br>bestehend aus:<\/strong><\/p>\n\n\n\n<p>Einteiliger Kombination mit Festangearbeiteter Kopfhaube, \naufkn\u00f6pfbarem Helm, Festangearbeiteten \u00dcberstiefeln mit Galoschen, \nHochtemperatur-Fausthandschuhen und einem einteilig gebogenem \nGoldbedampftem Verbundglasfenster<\/p>\n<\/div><\/div>\n","protected":false},"excerpt":{"rendered":"<p>Starker Schutz gegen starke Hitze Hitzeschutzkleidung hat die Aufgabe, den menschlichen K\u00f6rper vor der sch\u00e4digenden Wirkung hoher Temperaturen zu sch\u00fctzen; das hei\u00dft, mit ihr soll dem K\u00f6rper ein Schutzschild gegeben <a class=\"more-link\" href=\"https:\/\/www.feuerwehr-iversheim.de\/?page_id=3287\">Weiterlesen \u2192<\/a><\/p>\n","protected":false},"author":1,"featured_media":0,"parent":151,"menu_order":0,"comment_status":"closed","ping_status":"closed","template":"","meta":{"footnotes":""},"class_list":["post-3287","page","type-page","status-publish","hentry"],"_links":{"self":[{"href":"https:\/\/www.feuerwehr-iversheim.de\/index.php?rest_route=\/wp\/v2\/pages\/3287","targetHints":{"allow":["GET"]}}],"collection":[{"href":"https:\/\/www.feuerwehr-iversheim.de\/index.php?rest_route=\/wp\/v2\/pages"}],"about":[{"href":"https:\/\/www.feuerwehr-iversheim.de\/index.php?rest_route=\/wp\/v2\/types\/page"}],"author":[{"embeddable":true,"href":"https:\/\/www.feuerwehr-iversheim.de\/index.php?rest_route=\/wp\/v2\/users\/1"}],"replies":[{"embeddable":true,"href":"https:\/\/www.feuerwehr-iversheim.de\/index.php?rest_route=%2Fwp%2Fv2%2Fcomments&post=3287"}],"version-history":[{"count":2,"href":"https:\/\/www.feuerwehr-iversheim.de\/index.php?rest_route=\/wp\/v2\/pages\/3287\/revisions"}],"predecessor-version":[{"id":3293,"href":"https:\/\/www.feuerwehr-iversheim.de\/index.php?rest_route=\/wp\/v2\/pages\/3287\/revisions\/3293"}],"up":[{"embeddable":true,"href":"https:\/\/www.feuerwehr-iversheim.de\/index.php?rest_route=\/wp\/v2\/pages\/151"}],"wp:attachment":[{"href":"https:\/\/www.feuerwehr-iversheim.de\/index.php?rest_route=%2Fwp%2Fv2%2Fmedia&parent=3287"}],"curies":[{"name":"wp","href":"https:\/\/api.w.org\/{rel}","templated":true}]}}