{"id":3294,"date":"2019-01-24T15:33:56","date_gmt":"2019-01-24T14:33:56","guid":{"rendered":"https:\/\/www.feuerwehr-iversheim.de\/?page_id=3294"},"modified":"2019-01-24T15:33:57","modified_gmt":"2019-01-24T14:33:57","slug":"hochleistungsluefter","status":"publish","type":"page","link":"https:\/\/www.feuerwehr-iversheim.de\/?page_id=3294","title":{"rendered":"Hochleistungsl\u00fcfter"},"content":{"rendered":"\n<div class=\"wp-block-image\"><figure class=\"alignleft\"><img loading=\"lazy\" decoding=\"async\" width=\"294\" height=\"335\" src=\"https:\/\/www.feuerwehr-iversheim.de\/wp-content\/uploads\/2019\/01\/Hochleistungsl\u00fcfter.jpg\" alt=\"\" class=\"wp-image-3295\" srcset=\"https:\/\/www.feuerwehr-iversheim.de\/wp-content\/uploads\/2019\/01\/Hochleistungsl\u00fcfter.jpg 294w, https:\/\/www.feuerwehr-iversheim.de\/wp-content\/uploads\/2019\/01\/Hochleistungsl\u00fcfter-263x300.jpg 263w\" sizes=\"auto, (max-width: 294px) 100vw, 294px\" \/><\/figure><\/div>\n\n\n\n<p><strong>Firma Peter Greven stiftet Iversheimer Wehr Hochleistungsl\u00fcfter<\/strong><\/p>\n\n\n\n<p>Seit Jahren gibt es zwischen der Iversheimer Firma \u201ePeter Greven  Fettchemie\u201c und der \u00f6rtlichen Feuerwehr eine gut funktionierende  Zusammenarbeit. Dies nahm das Unternehmen zum Anlass, der L\u00f6schgruppe  einen Hochleistungsl\u00fcfter zu schenken. Das Ger\u00e4t wird vorrangig bei  Brandeins\u00e4tzen in geschlossenen R\u00e4umen und Anlagen eingesetzt werden.<\/p>\n\n\n\n<p>Durch\n die hohe Leistung des L\u00fcfters (60 000 qbm) kann der entstandene Rauch \nnach Br\u00e4nden schnell ins Freie abgeleitet werden und somit wirkungsvoll \nMenschenrettung und Brandbek\u00e4mpfung erfolgen. Stationiert wird der \nL\u00fcfter bei der Feuerwehr Iversheim, er steht jedoch f\u00fcr alle Eins\u00e4tze im\n M\u00fcnstereifeler Stadtgebiet zu Verf\u00fcgung. Robert Meier, der Iversheimer \nL\u00f6schgruppenf\u00fchrer, zeigte sich hocherfreut \u00fcber die Spende der Firma \nGreven und versprach, die gute Kooperation der zur\u00fcckliegenden Jahre \nauch k\u00fcnftig fortzusetzen.<\/p>\n","protected":false},"excerpt":{"rendered":"<p>Firma Peter Greven stiftet Iversheimer Wehr Hochleistungsl\u00fcfter Seit Jahren gibt es zwischen der Iversheimer Firma \u201ePeter Greven Fettchemie\u201c und der \u00f6rtlichen Feuerwehr eine gut funktionierende Zusammenarbeit. Dies nahm das Unternehmen <a class=\"more-link\" href=\"https:\/\/www.feuerwehr-iversheim.de\/?page_id=3294\">Weiterlesen \u2192<\/a><\/p>\n","protected":false},"author":1,"featured_media":0,"parent":151,"menu_order":0,"comment_status":"closed","ping_status":"closed","template":"","meta":{"footnotes":""},"class_list":["post-3294","page","type-page","status-publish","hentry"],"_links":{"self":[{"href":"https:\/\/www.feuerwehr-iversheim.de\/index.php?rest_route=\/wp\/v2\/pages\/3294","targetHints":{"allow":["GET"]}}],"collection":[{"href":"https:\/\/www.feuerwehr-iversheim.de\/index.php?rest_route=\/wp\/v2\/pages"}],"about":[{"href":"https:\/\/www.feuerwehr-iversheim.de\/index.php?rest_route=\/wp\/v2\/types\/page"}],"author":[{"embeddable":true,"href":"https:\/\/www.feuerwehr-iversheim.de\/index.php?rest_route=\/wp\/v2\/users\/1"}],"replies":[{"embeddable":true,"href":"https:\/\/www.feuerwehr-iversheim.de\/index.php?rest_route=%2Fwp%2Fv2%2Fcomments&post=3294"}],"version-history":[{"count":1,"href":"https:\/\/www.feuerwehr-iversheim.de\/index.php?rest_route=\/wp\/v2\/pages\/3294\/revisions"}],"predecessor-version":[{"id":3296,"href":"https:\/\/www.feuerwehr-iversheim.de\/index.php?rest_route=\/wp\/v2\/pages\/3294\/revisions\/3296"}],"up":[{"embeddable":true,"href":"https:\/\/www.feuerwehr-iversheim.de\/index.php?rest_route=\/wp\/v2\/pages\/151"}],"wp:attachment":[{"href":"https:\/\/www.feuerwehr-iversheim.de\/index.php?rest_route=%2Fwp%2Fv2%2Fmedia&parent=3294"}],"curies":[{"name":"wp","href":"https:\/\/api.w.org\/{rel}","templated":true}]}}