{"id":3306,"date":"2019-01-24T15:41:07","date_gmt":"2019-01-24T14:41:07","guid":{"rendered":"https:\/\/www.feuerwehr-iversheim.de\/?page_id=3306"},"modified":"2019-01-24T15:41:08","modified_gmt":"2019-01-24T14:41:08","slug":"industriekaffeemaschine","status":"publish","type":"page","link":"https:\/\/www.feuerwehr-iversheim.de\/?page_id=3306","title":{"rendered":"Industriekaffeemaschine"},"content":{"rendered":"\n<div class=\"wp-block-image\"><figure class=\"alignleft\"><img loading=\"lazy\" decoding=\"async\" width=\"188\" height=\"230\" src=\"https:\/\/www.feuerwehr-iversheim.de\/wp-content\/uploads\/2019\/01\/Industriekaffeemaschine.jpg\" alt=\"\" class=\"wp-image-3307\"\/><\/figure><\/div>\n\n\n\n<p><strong>F\u00fcr den warmen Kaffee bei einem langen Einsatz<\/strong><\/p>\n\n\n\n<p>Die Industriekaffeemaschine wurde aus der Gemeinschaftskasse f\u00fcr  250 Euro gekauft, um bei langen Eins\u00e4tzen f\u00fcr das leibliche Wohl der  Einsatzkr\u00e4fte zu sorgen. Gerade im ABC Bereich dauern Eins\u00e4tze oft mehrere Stunden. <\/p>\n","protected":false},"excerpt":{"rendered":"<p>F\u00fcr den warmen Kaffee bei einem langen Einsatz Die Industriekaffeemaschine wurde aus der Gemeinschaftskasse f\u00fcr 250 Euro gekauft, um bei langen Eins\u00e4tzen f\u00fcr das leibliche Wohl der Einsatzkr\u00e4fte zu sorgen. <a class=\"more-link\" href=\"https:\/\/www.feuerwehr-iversheim.de\/?page_id=3306\">Weiterlesen \u2192<\/a><\/p>\n","protected":false},"author":1,"featured_media":0,"parent":151,"menu_order":0,"comment_status":"closed","ping_status":"closed","template":"","meta":{"footnotes":""},"class_list":["post-3306","page","type-page","status-publish","hentry"],"_links":{"self":[{"href":"https:\/\/www.feuerwehr-iversheim.de\/index.php?rest_route=\/wp\/v2\/pages\/3306","targetHints":{"allow":["GET"]}}],"collection":[{"href":"https:\/\/www.feuerwehr-iversheim.de\/index.php?rest_route=\/wp\/v2\/pages"}],"about":[{"href":"https:\/\/www.feuerwehr-iversheim.de\/index.php?rest_route=\/wp\/v2\/types\/page"}],"author":[{"embeddable":true,"href":"https:\/\/www.feuerwehr-iversheim.de\/index.php?rest_route=\/wp\/v2\/users\/1"}],"replies":[{"embeddable":true,"href":"https:\/\/www.feuerwehr-iversheim.de\/index.php?rest_route=%2Fwp%2Fv2%2Fcomments&post=3306"}],"version-history":[{"count":1,"href":"https:\/\/www.feuerwehr-iversheim.de\/index.php?rest_route=\/wp\/v2\/pages\/3306\/revisions"}],"predecessor-version":[{"id":3308,"href":"https:\/\/www.feuerwehr-iversheim.de\/index.php?rest_route=\/wp\/v2\/pages\/3306\/revisions\/3308"}],"up":[{"embeddable":true,"href":"https:\/\/www.feuerwehr-iversheim.de\/index.php?rest_route=\/wp\/v2\/pages\/151"}],"wp:attachment":[{"href":"https:\/\/www.feuerwehr-iversheim.de\/index.php?rest_route=%2Fwp%2Fv2%2Fmedia&parent=3306"}],"curies":[{"name":"wp","href":"https:\/\/api.w.org\/{rel}","templated":true}]}}