{"id":3309,"date":"2019-01-24T15:43:50","date_gmt":"2019-01-24T14:43:50","guid":{"rendered":"https:\/\/www.feuerwehr-iversheim.de\/?page_id=3309"},"modified":"2019-01-24T15:43:50","modified_gmt":"2019-01-24T14:43:50","slug":"nass-trocken-staubsauger","status":"publish","type":"page","link":"https:\/\/www.feuerwehr-iversheim.de\/?page_id=3309","title":{"rendered":"Nass-Trocken Staubsauger"},"content":{"rendered":"\n<div class=\"wp-block-image\"><figure class=\"alignleft\"><img loading=\"lazy\" decoding=\"async\" width=\"300\" height=\"225\" src=\"https:\/\/www.feuerwehr-iversheim.de\/wp-content\/uploads\/2019\/01\/Nass-Trocken-Staubsauger-300x225.jpg\" alt=\"\" class=\"wp-image-3310\" srcset=\"https:\/\/www.feuerwehr-iversheim.de\/wp-content\/uploads\/2019\/01\/Nass-Trocken-Staubsauger-300x225.jpg 300w, https:\/\/www.feuerwehr-iversheim.de\/wp-content\/uploads\/2019\/01\/Nass-Trocken-Staubsauger.jpg 512w\" sizes=\"auto, (max-width: 300px) 100vw, 300px\" \/><\/figure><\/div>\n\n\n\n<p><strong>Ideal bei Hochwassereins\u00e4tzen<\/strong><\/p>\n\n\n\n<p>Bei der Einsatzlage \u201eKeller unter Wasser\u201c kann die Feuerwehr mit den  herk\u00f6mmlichen Ger\u00e4ten nur bis zu einer bestimmten Wassertiefe Wasser  f\u00f6rdern. Der Nass- Trocken Staubsauger kann das restliche Wasser  zusammen mit leichtem Schlamm komplett aufsaugen.<\/p>\n\n\n\n<p>Aus diesem Grunde wollte die L\u00f6schgruppe auf dieses lieb gewonnene Hilfsmittel nicht mehr verzichten. Der  im Jahre 1998 angeschaffte gebrauchte Nass- Trocken Staubsauger musste  im Jahr 2008 aufgrund Materialerm\u00fcdung ausgemustert werden. Anfang 2009  wurde dann ein neuer Sauger gekauft. Dieser kann nun das Wasser \u00fcber einen normalen Fu\u00dfbodensaugaufsatz aufsaugen und zus\u00e4tzlich das gesammelte Wasser aus dem Saugbeh\u00e4lter wieder \u00fcber eine Feuerwehrschlauchleitung aus dem Objekt heraus bef\u00f6rdern. So kann kontinuierlich gesaugt werden, ohne den Beh\u00e4lter nach einigen Minuten umst\u00e4ndlich auszuleeren.<\/p>\n\n\n\n<p>Diese Anschaffung wurde m\u00f6glich durch die gro\u00dfz\u00fcgigen Spenden unserer F\u00f6rderer und G\u00f6nner. Vielen Dank!<\/p>\n","protected":false},"excerpt":{"rendered":"<p>Ideal bei Hochwassereins\u00e4tzen Bei der Einsatzlage \u201eKeller unter Wasser\u201c kann die Feuerwehr mit den herk\u00f6mmlichen Ger\u00e4ten nur bis zu einer bestimmten Wassertiefe Wasser f\u00f6rdern. Der Nass- Trocken Staubsauger kann das <a class=\"more-link\" href=\"https:\/\/www.feuerwehr-iversheim.de\/?page_id=3309\">Weiterlesen \u2192<\/a><\/p>\n","protected":false},"author":1,"featured_media":0,"parent":151,"menu_order":0,"comment_status":"closed","ping_status":"closed","template":"","meta":{"footnotes":""},"class_list":["post-3309","page","type-page","status-publish","hentry"],"_links":{"self":[{"href":"https:\/\/www.feuerwehr-iversheim.de\/index.php?rest_route=\/wp\/v2\/pages\/3309","targetHints":{"allow":["GET"]}}],"collection":[{"href":"https:\/\/www.feuerwehr-iversheim.de\/index.php?rest_route=\/wp\/v2\/pages"}],"about":[{"href":"https:\/\/www.feuerwehr-iversheim.de\/index.php?rest_route=\/wp\/v2\/types\/page"}],"author":[{"embeddable":true,"href":"https:\/\/www.feuerwehr-iversheim.de\/index.php?rest_route=\/wp\/v2\/users\/1"}],"replies":[{"embeddable":true,"href":"https:\/\/www.feuerwehr-iversheim.de\/index.php?rest_route=%2Fwp%2Fv2%2Fcomments&post=3309"}],"version-history":[{"count":1,"href":"https:\/\/www.feuerwehr-iversheim.de\/index.php?rest_route=\/wp\/v2\/pages\/3309\/revisions"}],"predecessor-version":[{"id":3311,"href":"https:\/\/www.feuerwehr-iversheim.de\/index.php?rest_route=\/wp\/v2\/pages\/3309\/revisions\/3311"}],"up":[{"embeddable":true,"href":"https:\/\/www.feuerwehr-iversheim.de\/index.php?rest_route=\/wp\/v2\/pages\/151"}],"wp:attachment":[{"href":"https:\/\/www.feuerwehr-iversheim.de\/index.php?rest_route=%2Fwp%2Fv2%2Fmedia&parent=3309"}],"curies":[{"name":"wp","href":"https:\/\/api.w.org\/{rel}","templated":true}]}}