{"id":3315,"date":"2019-01-24T15:47:08","date_gmt":"2019-01-24T14:47:08","guid":{"rendered":"https:\/\/www.feuerwehr-iversheim.de\/?page_id=3315"},"modified":"2019-01-24T15:47:10","modified_gmt":"2019-01-24T14:47:10","slug":"tauchpumpe","status":"publish","type":"page","link":"https:\/\/www.feuerwehr-iversheim.de\/?page_id=3315","title":{"rendered":"Tauchpumpe"},"content":{"rendered":"\n<div class=\"wp-block-image\"><figure class=\"alignleft\"><img loading=\"lazy\" decoding=\"async\" width=\"300\" height=\"225\" src=\"https:\/\/www.feuerwehr-iversheim.de\/wp-content\/uploads\/2019\/01\/Tauchpumpe-300x225.jpg\" alt=\"\" class=\"wp-image-3316\" srcset=\"https:\/\/www.feuerwehr-iversheim.de\/wp-content\/uploads\/2019\/01\/Tauchpumpe-300x225.jpg 300w, https:\/\/www.feuerwehr-iversheim.de\/wp-content\/uploads\/2019\/01\/Tauchpumpe.jpg 410w\" sizes=\"auto, (max-width: 300px) 100vw, 300px\" \/><\/figure><\/div>\n\n\n\n<p>Die L\u00f6schgruppe Iversheim ist im Besitz einer Mast Tauchpumpe. Diese  Tauchpumpe wird elektrisch (230 V)  betrieben und hat einen F\u00f6rderstrom  von 700 L\/min. Diese Pumpe ist f\u00fcr das Auspumpen von Kellern nach  starken Regenf\u00e4llen gedacht. Da der Schutzkorb der Pumpe abnehmbar ist , k\u00f6nnen Keller bis auf wenige Zentimeter ausgepumpt werden. Das Wasser wird durch B-Schl\u00e4uche bis zum Ausguss &#8211; St\u00fcck geleitet. <\/p>\n","protected":false},"excerpt":{"rendered":"<p>Die L\u00f6schgruppe Iversheim ist im Besitz einer Mast Tauchpumpe. Diese Tauchpumpe wird elektrisch (230 V) betrieben und hat einen F\u00f6rderstrom von 700 L\/min. Diese Pumpe ist f\u00fcr das Auspumpen von <a class=\"more-link\" href=\"https:\/\/www.feuerwehr-iversheim.de\/?page_id=3315\">Weiterlesen \u2192<\/a><\/p>\n","protected":false},"author":1,"featured_media":0,"parent":151,"menu_order":0,"comment_status":"closed","ping_status":"closed","template":"","meta":{"footnotes":""},"class_list":["post-3315","page","type-page","status-publish","hentry"],"_links":{"self":[{"href":"https:\/\/www.feuerwehr-iversheim.de\/index.php?rest_route=\/wp\/v2\/pages\/3315","targetHints":{"allow":["GET"]}}],"collection":[{"href":"https:\/\/www.feuerwehr-iversheim.de\/index.php?rest_route=\/wp\/v2\/pages"}],"about":[{"href":"https:\/\/www.feuerwehr-iversheim.de\/index.php?rest_route=\/wp\/v2\/types\/page"}],"author":[{"embeddable":true,"href":"https:\/\/www.feuerwehr-iversheim.de\/index.php?rest_route=\/wp\/v2\/users\/1"}],"replies":[{"embeddable":true,"href":"https:\/\/www.feuerwehr-iversheim.de\/index.php?rest_route=%2Fwp%2Fv2%2Fcomments&post=3315"}],"version-history":[{"count":1,"href":"https:\/\/www.feuerwehr-iversheim.de\/index.php?rest_route=\/wp\/v2\/pages\/3315\/revisions"}],"predecessor-version":[{"id":3317,"href":"https:\/\/www.feuerwehr-iversheim.de\/index.php?rest_route=\/wp\/v2\/pages\/3315\/revisions\/3317"}],"up":[{"embeddable":true,"href":"https:\/\/www.feuerwehr-iversheim.de\/index.php?rest_route=\/wp\/v2\/pages\/151"}],"wp:attachment":[{"href":"https:\/\/www.feuerwehr-iversheim.de\/index.php?rest_route=%2Fwp%2Fv2%2Fmedia&parent=3315"}],"curies":[{"name":"wp","href":"https:\/\/api.w.org\/{rel}","templated":true}]}}