{"id":3363,"date":"2019-01-24T17:38:22","date_gmt":"2019-01-24T16:38:22","guid":{"rendered":"https:\/\/www.feuerwehr-iversheim.de\/?page_id=3363"},"modified":"2019-01-24T17:38:22","modified_gmt":"2019-01-24T16:38:22","slug":"chemievollschutzanzug","status":"publish","type":"page","link":"https:\/\/www.feuerwehr-iversheim.de\/?page_id=3363","title":{"rendered":"Chemievollschutzanzug"},"content":{"rendered":"\n<div class=\"wp-block-image\"><figure class=\"alignleft\"><img loading=\"lazy\" decoding=\"async\" width=\"281\" height=\"668\" src=\"https:\/\/www.feuerwehr-iversheim.de\/wp-content\/uploads\/2019\/01\/Tesimax-CSA.png\" alt=\"\" class=\"wp-image-3364\" srcset=\"https:\/\/www.feuerwehr-iversheim.de\/wp-content\/uploads\/2019\/01\/Tesimax-CSA.png 281w, https:\/\/www.feuerwehr-iversheim.de\/wp-content\/uploads\/2019\/01\/Tesimax-CSA-126x300.png 126w\" sizes=\"auto, (max-width: 281px) 100vw, 281px\" \/><figcaption>www.tesimax.de<\/figcaption><\/figure><\/div>\n\n\n\n<p><strong>Der Schutz gegen fast alle Stoffe<\/strong><\/p>\n\n\n\n<p>Beim Umgang mit gef\u00e4hrlichen Stoffen und G\u00fctern muss nat\u00fcrlich  zwingend sichergestellt sein, dass die Kameraden, die in den Einsatz  geschickt werden mit dem gr\u00f6\u00dftm\u00f6glichsten Schutz ausgestattet sind. Da  aber Giftstoffe nicht nur \u00fcber die Atemwege\/den Magen-Darm-Trakt,  sondern auch \u00fcber Schleimh\u00e4ute, Wunden oder die Haut aufgenommen werden  k\u00f6nnen, reicht die normale Feuerwehrdienstkleidung in Verbindung mit von  der Umgebungsatmosph\u00e4re unabh\u00e4ngigem Atemschutz nicht mehr aus, ganz  besonders dann nicht, wenn es sich um fl\u00fcssige oder gar gasf\u00f6rmige  Giftstoffe handelt.<\/p>\n\n\n\n<p>Deshalb verf\u00fcgt die Feuerwehr \u00fcber den \nChemievollschutzanzug, kurz CSA genannt. Dies ist ein Schutzanzug, der \naus verschiedensten Stoffen unter gro\u00dfem Aufwand hergestellt wird und in\n den der Feuerwehrmann mitsamt seiner Feuerwehrschutzkleidung und dem \nAtemschutzger\u00e4t \u201ekomplett\u201c einsteigt. Dieser Anschluss wird dann mit \neinem speziell daf\u00fcr gefertigtem gasdichten Rei\u00dfverschluss verschlossen.\n Deshalb wird dieser Anzug auch scherzhaft \u201eGanzk\u00f6rperkondom\u201c genannt, \ndies trifft aber die Beschreibung des Anzuges ungemein.<\/p>\n\n\n\n<p>Diese \nAnz\u00fcge unterliegen ganz bestimmten Anforderungen und m\u00fcssen gegen eine \nVielzahl (nicht aber \u201ealle\u201c) Giftstoffe f\u00fcr eine bestimmte Zeit \nresistent sein. Nat\u00fcrlich h\u00e4ngt die Schutzwirkung auch ganz besonders \nvon der pfleglichen Behandlung sowie der gr\u00fcndlichen S\u00e4uberung der \nAnz\u00fcge nach Eins\u00e4tzen mit Stoffkontakt ab. Dar\u00fcber hinaus gilt es, an \nHand von Best\u00e4ndigkeitslisten f\u00fcr diese CSA, f\u00fcr den jeweiligen Stoff \nden entsprechenden Anzug mit der gr\u00f6\u00dftm\u00f6glichsten Schutzwirkung zu \nermitteln.<\/p>\n\n\n\n<p> Die physische und psychische Belastung f\u00fcr die \njeweilige Einsatzkraft ist enorm hoch. Dar\u00fcber hinaus, bedingt durch \neinen begrenzten Luftvorrat im Atemschutzger\u00e4t, betr\u00e4gt die maximale \nEinsatzzeit unter CSA h\u00f6chstens 20 Minuten.<\/p>\n","protected":false},"excerpt":{"rendered":"<p>Der Schutz gegen fast alle Stoffe Beim Umgang mit gef\u00e4hrlichen Stoffen und G\u00fctern muss nat\u00fcrlich zwingend sichergestellt sein, dass die Kameraden, die in den Einsatz geschickt werden mit dem gr\u00f6\u00dftm\u00f6glichsten <a class=\"more-link\" href=\"https:\/\/www.feuerwehr-iversheim.de\/?page_id=3363\">Weiterlesen \u2192<\/a><\/p>\n","protected":false},"author":1,"featured_media":0,"parent":151,"menu_order":0,"comment_status":"closed","ping_status":"closed","template":"","meta":{"footnotes":""},"class_list":["post-3363","page","type-page","status-publish","hentry"],"_links":{"self":[{"href":"https:\/\/www.feuerwehr-iversheim.de\/index.php?rest_route=\/wp\/v2\/pages\/3363","targetHints":{"allow":["GET"]}}],"collection":[{"href":"https:\/\/www.feuerwehr-iversheim.de\/index.php?rest_route=\/wp\/v2\/pages"}],"about":[{"href":"https:\/\/www.feuerwehr-iversheim.de\/index.php?rest_route=\/wp\/v2\/types\/page"}],"author":[{"embeddable":true,"href":"https:\/\/www.feuerwehr-iversheim.de\/index.php?rest_route=\/wp\/v2\/users\/1"}],"replies":[{"embeddable":true,"href":"https:\/\/www.feuerwehr-iversheim.de\/index.php?rest_route=%2Fwp%2Fv2%2Fcomments&post=3363"}],"version-history":[{"count":1,"href":"https:\/\/www.feuerwehr-iversheim.de\/index.php?rest_route=\/wp\/v2\/pages\/3363\/revisions"}],"predecessor-version":[{"id":3365,"href":"https:\/\/www.feuerwehr-iversheim.de\/index.php?rest_route=\/wp\/v2\/pages\/3363\/revisions\/3365"}],"up":[{"embeddable":true,"href":"https:\/\/www.feuerwehr-iversheim.de\/index.php?rest_route=\/wp\/v2\/pages\/151"}],"wp:attachment":[{"href":"https:\/\/www.feuerwehr-iversheim.de\/index.php?rest_route=%2Fwp%2Fv2%2Fmedia&parent=3363"}],"curies":[{"name":"wp","href":"https:\/\/api.w.org\/{rel}","templated":true}]}}