{"id":3366,"date":"2019-01-24T17:40:00","date_gmt":"2019-01-24T16:40:00","guid":{"rendered":"https:\/\/www.feuerwehr-iversheim.de\/?page_id=3366"},"modified":"2019-01-24T17:40:03","modified_gmt":"2019-01-24T16:40:03","slug":"pruefroehrchen","status":"publish","type":"page","link":"https:\/\/www.feuerwehr-iversheim.de\/?page_id=3366","title":{"rendered":"Pr\u00fcfr\u00f6hrchen"},"content":{"rendered":"\n<div class=\"wp-block-image\"><figure class=\"alignleft\"><img loading=\"lazy\" decoding=\"async\" width=\"300\" height=\"225\" src=\"https:\/\/www.feuerwehr-iversheim.de\/wp-content\/uploads\/2019\/01\/Pr\u00fcfr\u00f6hrchen-300x225.jpg\" alt=\"\" class=\"wp-image-3367\" srcset=\"https:\/\/www.feuerwehr-iversheim.de\/wp-content\/uploads\/2019\/01\/Pr\u00fcfr\u00f6hrchen-300x225.jpg 300w, https:\/\/www.feuerwehr-iversheim.de\/wp-content\/uploads\/2019\/01\/Pr\u00fcfr\u00f6hrchen.jpg 512w\" sizes=\"auto, (max-width: 300px) 100vw, 300px\" \/><\/figure><\/div>\n\n\n\n<p><strong>Mit welchem Stoff haben wir es zu tun?<\/strong><\/p>\n\n\n\n<p>Um diese Frage qualitativ beantworten zu k\u00f6nnen, wurde f\u00fcr uns und  auch den ABC-Zug Euskirchen ein neues Pr\u00fcfr\u00f6hrchen-System von der Firma  &#8222;Gastec&#8220; angeschafft. Wir verf\u00fcgen f\u00fcr den Grundschutz \u00fcber eine sog.  &#8222;kommulane Grundausstattung&#8220;, bestehend aus einem Satz Pr\u00fcfr\u00f6hrchen zum  Nachweis der g\u00e4ngisten Stoffe und der dazugeh\u00f6rigen (Saug-)Pumpe. Der  ABC-Zug ist im Rahmen seiner kreisweiten und auch \u00fcber\u00f6rtlichen  T\u00e4tigkeit mit wesentlich mehr Pr\u00fcfr\u00f6hrchen ausgestattet, damit auch  exotische Stoffe nachgewiesen werden k\u00f6nnen.<\/p>\n\n\n\n<p>Speziell dann, wenn im \nRahmen eines ABC-Einsatzes der Stoff nicht durch andere Anzeichen \neindeutig nachgewiesen werden kann, hat man mit Pr\u00fcfr\u00f6hrchen die \nM\u00f6glichkeit die Art und Konzentration des Stoffes zu ermitteln. Unter \nUmst\u00e4nden sind daf\u00fcr auch mehrere Messungen mit unterschiedlichen \nR\u00f6hrchen notwendig, um Wechselwirkungen mit \u00e4hnlichen Stoffen \nauszuschlie\u00dfen.<\/p>\n\n\n\n<p>Die Funktionsweise des Systems ist recht einfach: \nDas Glas-Pr\u00fcfr\u00f6hrchen wird an beiden Enden &#8222;aufgebrochen&#8220; und mit der \nmarkierten Seite in die \u00d6ffnung der (Saug-)Pumpe eingef\u00fchrt. Nach einer \nim Beipackzettel festgelegten Anzahl Saugvorg\u00e4nge verf\u00e4rbt sich die \nAnzeigeschicht innerhalb der R\u00f6hrchens und die Konzentration des \ngemessenen Stoffes kann anhand einer Skala analysiert werden.<\/p>\n","protected":false},"excerpt":{"rendered":"<p>Mit welchem Stoff haben wir es zu tun? Um diese Frage qualitativ beantworten zu k\u00f6nnen, wurde f\u00fcr uns und auch den ABC-Zug Euskirchen ein neues Pr\u00fcfr\u00f6hrchen-System von der Firma &#8222;Gastec&#8220; <a class=\"more-link\" href=\"https:\/\/www.feuerwehr-iversheim.de\/?page_id=3366\">Weiterlesen \u2192<\/a><\/p>\n","protected":false},"author":1,"featured_media":0,"parent":151,"menu_order":0,"comment_status":"closed","ping_status":"closed","template":"","meta":{"footnotes":""},"class_list":["post-3366","page","type-page","status-publish","hentry"],"_links":{"self":[{"href":"https:\/\/www.feuerwehr-iversheim.de\/index.php?rest_route=\/wp\/v2\/pages\/3366","targetHints":{"allow":["GET"]}}],"collection":[{"href":"https:\/\/www.feuerwehr-iversheim.de\/index.php?rest_route=\/wp\/v2\/pages"}],"about":[{"href":"https:\/\/www.feuerwehr-iversheim.de\/index.php?rest_route=\/wp\/v2\/types\/page"}],"author":[{"embeddable":true,"href":"https:\/\/www.feuerwehr-iversheim.de\/index.php?rest_route=\/wp\/v2\/users\/1"}],"replies":[{"embeddable":true,"href":"https:\/\/www.feuerwehr-iversheim.de\/index.php?rest_route=%2Fwp%2Fv2%2Fcomments&post=3366"}],"version-history":[{"count":1,"href":"https:\/\/www.feuerwehr-iversheim.de\/index.php?rest_route=\/wp\/v2\/pages\/3366\/revisions"}],"predecessor-version":[{"id":3368,"href":"https:\/\/www.feuerwehr-iversheim.de\/index.php?rest_route=\/wp\/v2\/pages\/3366\/revisions\/3368"}],"up":[{"embeddable":true,"href":"https:\/\/www.feuerwehr-iversheim.de\/index.php?rest_route=\/wp\/v2\/pages\/151"}],"wp:attachment":[{"href":"https:\/\/www.feuerwehr-iversheim.de\/index.php?rest_route=%2Fwp%2Fv2%2Fmedia&parent=3366"}],"curies":[{"name":"wp","href":"https:\/\/api.w.org\/{rel}","templated":true}]}}