{"id":3372,"date":"2019-01-24T17:50:44","date_gmt":"2019-01-24T16:50:44","guid":{"rendered":"https:\/\/www.feuerwehr-iversheim.de\/?page_id=3372"},"modified":"2019-01-24T17:50:45","modified_gmt":"2019-01-24T16:50:45","slug":"indikatorpapier","status":"publish","type":"page","link":"https:\/\/www.feuerwehr-iversheim.de\/?page_id=3372","title":{"rendered":"Indikatorpapier"},"content":{"rendered":"\n<div class=\"wp-block-image\"><figure class=\"alignleft\"><img loading=\"lazy\" decoding=\"async\" width=\"300\" height=\"225\" src=\"https:\/\/www.feuerwehr-iversheim.de\/wp-content\/uploads\/2019\/01\/ph-Papier-300x225.jpg\" alt=\"\" class=\"wp-image-3373\" srcset=\"https:\/\/www.feuerwehr-iversheim.de\/wp-content\/uploads\/2019\/01\/ph-Papier-300x225.jpg 300w, https:\/\/www.feuerwehr-iversheim.de\/wp-content\/uploads\/2019\/01\/ph-Papier.jpg 512w\" sizes=\"auto, (max-width: 300px) 100vw, 300px\" \/><\/figure><\/div>\n\n\n\n<p>Um den PH Wert eines Mediums feststellen zu k\u00f6nnen, wird Indikator  Papier eingesetzt. Durch den daraus definierten Wert, l\u00e4sst sich die  st\u00e4rke einer S\u00e4ure oder Lauge feststellen. Somit werden die weiteren  Einsatz taktischen Vorgehensweisen entschieden. Im nebenstehenden Bild  sind zwei Streifen mit einer S\u00e4ure vom PH Wert 2 betr\u00e4ufelt worden  (siehe untere Abbildung).<\/p>\n\n\n\n<p>Das Papier ver\u00e4ndert beim Kontakt mit dem \nMedium die Farbe. An der Farbskala auf der Verpackung kann man nun den \nWert ablesen. Um genauere Ergebnisse zu erlangen, gibt es das \nIndikatorpapier mit unterschiedlichen Skalen. Ebenfalls nachweisen kann \nman \u00d6l, wof\u00fcr jedoch extra \u00d6lteststreifen verwendet werden (Breite blaue\n Streifen auf linker Abbildung).<\/p>\n","protected":false},"excerpt":{"rendered":"<p>Um den PH Wert eines Mediums feststellen zu k\u00f6nnen, wird Indikator Papier eingesetzt. Durch den daraus definierten Wert, l\u00e4sst sich die st\u00e4rke einer S\u00e4ure oder Lauge feststellen. Somit werden die <a class=\"more-link\" href=\"https:\/\/www.feuerwehr-iversheim.de\/?page_id=3372\">Weiterlesen \u2192<\/a><\/p>\n","protected":false},"author":1,"featured_media":0,"parent":151,"menu_order":0,"comment_status":"closed","ping_status":"closed","template":"","meta":{"footnotes":""},"class_list":["post-3372","page","type-page","status-publish","hentry"],"_links":{"self":[{"href":"https:\/\/www.feuerwehr-iversheim.de\/index.php?rest_route=\/wp\/v2\/pages\/3372","targetHints":{"allow":["GET"]}}],"collection":[{"href":"https:\/\/www.feuerwehr-iversheim.de\/index.php?rest_route=\/wp\/v2\/pages"}],"about":[{"href":"https:\/\/www.feuerwehr-iversheim.de\/index.php?rest_route=\/wp\/v2\/types\/page"}],"author":[{"embeddable":true,"href":"https:\/\/www.feuerwehr-iversheim.de\/index.php?rest_route=\/wp\/v2\/users\/1"}],"replies":[{"embeddable":true,"href":"https:\/\/www.feuerwehr-iversheim.de\/index.php?rest_route=%2Fwp%2Fv2%2Fcomments&post=3372"}],"version-history":[{"count":1,"href":"https:\/\/www.feuerwehr-iversheim.de\/index.php?rest_route=\/wp\/v2\/pages\/3372\/revisions"}],"predecessor-version":[{"id":3374,"href":"https:\/\/www.feuerwehr-iversheim.de\/index.php?rest_route=\/wp\/v2\/pages\/3372\/revisions\/3374"}],"up":[{"embeddable":true,"href":"https:\/\/www.feuerwehr-iversheim.de\/index.php?rest_route=\/wp\/v2\/pages\/151"}],"wp:attachment":[{"href":"https:\/\/www.feuerwehr-iversheim.de\/index.php?rest_route=%2Fwp%2Fv2%2Fmedia&parent=3372"}],"curies":[{"name":"wp","href":"https:\/\/api.w.org\/{rel}","templated":true}]}}