{"id":3375,"date":"2019-01-24T17:52:36","date_gmt":"2019-01-24T16:52:36","guid":{"rendered":"https:\/\/www.feuerwehr-iversheim.de\/?page_id=3375"},"modified":"2019-01-24T17:52:37","modified_gmt":"2019-01-24T16:52:37","slug":"abdichtmaterial","status":"publish","type":"page","link":"https:\/\/www.feuerwehr-iversheim.de\/?page_id=3375","title":{"rendered":"Abdichtmaterial"},"content":{"rendered":"\n<div class=\"wp-block-image\"><figure class=\"alignleft\"><img loading=\"lazy\" decoding=\"async\" width=\"300\" height=\"225\" src=\"https:\/\/www.feuerwehr-iversheim.de\/wp-content\/uploads\/2019\/01\/Abdichtmaterial-300x225.jpg\" alt=\"\" class=\"wp-image-3376\" srcset=\"https:\/\/www.feuerwehr-iversheim.de\/wp-content\/uploads\/2019\/01\/Abdichtmaterial-300x225.jpg 300w, https:\/\/www.feuerwehr-iversheim.de\/wp-content\/uploads\/2019\/01\/Abdichtmaterial.jpg 512w\" sizes=\"auto, (max-width: 300px) 100vw, 300px\" \/><\/figure><\/div>\n\n\n\n<p><strong>F\u00fcr jeden Stoff den richtigen Stopfen<\/strong><\/p>\n\n\n\n<p>Eine effektive Ma\u00dfnahme gegen auslaufende Fl\u00fcssigkeiten ist das  Abdichten durch Verstopfen der Austrittsstelle. Da Fl\u00fcssigkeiten aus der  Gruppe der Gef\u00e4hrlichen Stoffe und G\u00fcter auf die unterschiedlichsten  Materialien verschieden reagieren, m\u00fcssen auch mehrere M\u00f6glichkeiten zum  Abdichten vorgehalten werden. Neben den Materialen, m\u00fcssen aber auch  verschiedene Formen zur Verf\u00fcgung stehen. Das Abdichten der  Austrittsstelle mit Keilen, ist f\u00fcr kleinere runde oder l\u00e4ngliche  Leckagen, wo nur ein geringer Druck auf dem Medium lastet, geeignet. Bei  gr\u00f6\u00dferen Lecken oder bei hohen Dr\u00fccken im Beh\u00e4lter ist ein Verstopfen  meist schwer oder unm\u00f6glich. <\/p>\n","protected":false},"excerpt":{"rendered":"<p>F\u00fcr jeden Stoff den richtigen Stopfen Eine effektive Ma\u00dfnahme gegen auslaufende Fl\u00fcssigkeiten ist das Abdichten durch Verstopfen der Austrittsstelle. Da Fl\u00fcssigkeiten aus der Gruppe der Gef\u00e4hrlichen Stoffe und G\u00fcter auf <a class=\"more-link\" href=\"https:\/\/www.feuerwehr-iversheim.de\/?page_id=3375\">Weiterlesen \u2192<\/a><\/p>\n","protected":false},"author":1,"featured_media":0,"parent":151,"menu_order":0,"comment_status":"closed","ping_status":"closed","template":"","meta":{"footnotes":""},"class_list":["post-3375","page","type-page","status-publish","hentry"],"_links":{"self":[{"href":"https:\/\/www.feuerwehr-iversheim.de\/index.php?rest_route=\/wp\/v2\/pages\/3375","targetHints":{"allow":["GET"]}}],"collection":[{"href":"https:\/\/www.feuerwehr-iversheim.de\/index.php?rest_route=\/wp\/v2\/pages"}],"about":[{"href":"https:\/\/www.feuerwehr-iversheim.de\/index.php?rest_route=\/wp\/v2\/types\/page"}],"author":[{"embeddable":true,"href":"https:\/\/www.feuerwehr-iversheim.de\/index.php?rest_route=\/wp\/v2\/users\/1"}],"replies":[{"embeddable":true,"href":"https:\/\/www.feuerwehr-iversheim.de\/index.php?rest_route=%2Fwp%2Fv2%2Fcomments&post=3375"}],"version-history":[{"count":1,"href":"https:\/\/www.feuerwehr-iversheim.de\/index.php?rest_route=\/wp\/v2\/pages\/3375\/revisions"}],"predecessor-version":[{"id":3377,"href":"https:\/\/www.feuerwehr-iversheim.de\/index.php?rest_route=\/wp\/v2\/pages\/3375\/revisions\/3377"}],"up":[{"embeddable":true,"href":"https:\/\/www.feuerwehr-iversheim.de\/index.php?rest_route=\/wp\/v2\/pages\/151"}],"wp:attachment":[{"href":"https:\/\/www.feuerwehr-iversheim.de\/index.php?rest_route=%2Fwp%2Fv2%2Fmedia&parent=3375"}],"curies":[{"name":"wp","href":"https:\/\/api.w.org\/{rel}","templated":true}]}}