{"id":3378,"date":"2019-01-24T17:54:39","date_gmt":"2019-01-24T16:54:39","guid":{"rendered":"https:\/\/www.feuerwehr-iversheim.de\/?page_id=3378"},"modified":"2019-01-24T17:54:40","modified_gmt":"2019-01-24T16:54:40","slug":"dichtkissen","status":"publish","type":"page","link":"https:\/\/www.feuerwehr-iversheim.de\/?page_id=3378","title":{"rendered":"Dichtkissen"},"content":{"rendered":"\n<div class=\"wp-block-image\"><figure class=\"alignleft\"><img loading=\"lazy\" decoding=\"async\" width=\"225\" height=\"300\" src=\"https:\/\/www.feuerwehr-iversheim.de\/wp-content\/uploads\/2019\/01\/Dichtkissen-225x300.jpg\" alt=\"\" class=\"wp-image-3379\" srcset=\"https:\/\/www.feuerwehr-iversheim.de\/wp-content\/uploads\/2019\/01\/Dichtkissen-225x300.jpg 225w, https:\/\/www.feuerwehr-iversheim.de\/wp-content\/uploads\/2019\/01\/Dichtkissen.jpg 384w\" sizes=\"auto, (max-width: 225px) 100vw, 225px\" \/><\/figure><\/div>\n\n\n\n<p><strong>Bei auslaufenden Stoffen muss der Kanal schnell dicht werden!<\/strong><\/p>\n\n\n\n<p>Um bereits ausgelaufene Fl\u00fcssigkeit daran zuhindern in Rohrsysteme  einzudringen, werden Kanaldichtkissen eingesetzt. Diese werden wie  Hebekissen mit Luft aus einer Druckluftflasche gef\u00fcllt und vergr\u00f6\u00dfern so  Ihren Umfang.<\/p>\n\n\n\n<p>Um den Austritt von Fl\u00fcssigkeit aus einer Rohrleitung \nzu verhindern, muss das Dichtkissen mit entsprechenden Ma\u00dfnahmen \ngesichert werden, da der Druck durch das Medium zustark werden und das \nDichtkissen aus der \u00d6ffnung gedr\u00fcckt werden kann. Die Kanaldichtkissen \ngibt es in verschiedenen Gr\u00f6\u00dfen, damit von einer kleinen Rohrleitung bis\n zum gro\u00dfen Kanaleinlauf alles abgedichtet werden kann.<\/p>\n","protected":false},"excerpt":{"rendered":"<p>Bei auslaufenden Stoffen muss der Kanal schnell dicht werden! Um bereits ausgelaufene Fl\u00fcssigkeit daran zuhindern in Rohrsysteme einzudringen, werden Kanaldichtkissen eingesetzt. Diese werden wie Hebekissen mit Luft aus einer Druckluftflasche <a class=\"more-link\" href=\"https:\/\/www.feuerwehr-iversheim.de\/?page_id=3378\">Weiterlesen \u2192<\/a><\/p>\n","protected":false},"author":1,"featured_media":0,"parent":151,"menu_order":0,"comment_status":"closed","ping_status":"closed","template":"","meta":{"footnotes":""},"class_list":["post-3378","page","type-page","status-publish","hentry"],"_links":{"self":[{"href":"https:\/\/www.feuerwehr-iversheim.de\/index.php?rest_route=\/wp\/v2\/pages\/3378","targetHints":{"allow":["GET"]}}],"collection":[{"href":"https:\/\/www.feuerwehr-iversheim.de\/index.php?rest_route=\/wp\/v2\/pages"}],"about":[{"href":"https:\/\/www.feuerwehr-iversheim.de\/index.php?rest_route=\/wp\/v2\/types\/page"}],"author":[{"embeddable":true,"href":"https:\/\/www.feuerwehr-iversheim.de\/index.php?rest_route=\/wp\/v2\/users\/1"}],"replies":[{"embeddable":true,"href":"https:\/\/www.feuerwehr-iversheim.de\/index.php?rest_route=%2Fwp%2Fv2%2Fcomments&post=3378"}],"version-history":[{"count":1,"href":"https:\/\/www.feuerwehr-iversheim.de\/index.php?rest_route=\/wp\/v2\/pages\/3378\/revisions"}],"predecessor-version":[{"id":3380,"href":"https:\/\/www.feuerwehr-iversheim.de\/index.php?rest_route=\/wp\/v2\/pages\/3378\/revisions\/3380"}],"up":[{"embeddable":true,"href":"https:\/\/www.feuerwehr-iversheim.de\/index.php?rest_route=\/wp\/v2\/pages\/151"}],"wp:attachment":[{"href":"https:\/\/www.feuerwehr-iversheim.de\/index.php?rest_route=%2Fwp%2Fv2%2Fmedia&parent=3378"}],"curies":[{"name":"wp","href":"https:\/\/api.w.org\/{rel}","templated":true}]}}