{"id":3722,"date":"2019-02-05T22:00:59","date_gmt":"2019-02-05T21:00:59","guid":{"rendered":"https:\/\/www.feuerwehr-iversheim.de\/?page_id=3722"},"modified":"2019-02-05T22:43:15","modified_gmt":"2019-02-05T21:43:15","slug":"uebungen-und-ausfluege","status":"publish","type":"page","link":"https:\/\/www.feuerwehr-iversheim.de\/?page_id=3722","title":{"rendered":"\u00dcbungen und Ausfl\u00fcge"},"content":{"rendered":"\n<div class=\"wp-block-image\"><figure class=\"alignleft\"><img loading=\"lazy\" decoding=\"async\" width=\"300\" height=\"225\" src=\"https:\/\/www.feuerwehr-iversheim.de\/wp-content\/uploads\/2019\/02\/\u00dcbungen-und-Ausfl\u00fcge-300x225.jpg\" alt=\"\" class=\"wp-image-3886\" srcset=\"https:\/\/www.feuerwehr-iversheim.de\/wp-content\/uploads\/2019\/02\/\u00dcbungen-und-Ausfl\u00fcge-300x225.jpg 300w, https:\/\/www.feuerwehr-iversheim.de\/wp-content\/uploads\/2019\/02\/\u00dcbungen-und-Ausfl\u00fcge.jpg 512w\" sizes=\"auto, (max-width: 300px) 100vw, 300px\" \/><\/figure><\/div>\n\n\n\n<p><strong>Mit Spa\u00df l\u00f6schen lernen<\/strong><\/p>\n\n\n\n<p>Die Jugendfeuerwehr h\u00e4lt im Jahr mehrere \u00dcbungen ab. Um auch in der  \u00d6ffentlichkeit zeigen zu k\u00f6nnen, was Sie alles gelernt haben, nehmen  die Jugendlichen an Schau\u00fcbung anl\u00e4\u00dflich von Feuerwehrfesten oder bei  den gro\u00dfen Stadt- und Kreisabschluss\u00fcbungen teil. Um Ihnen einen  Einblick in die \u00dcbungen der Jugendfeuerwehr zu geben, haben wir einige  der \u00dcbungen hier zusammen gestellt.<\/p>\n\n\n\n<p><strong>Aktivit\u00e4ten zur St\u00e4rkung der Gemeinschaft<\/strong><\/p>\n\n\n\n<p>Jedes Jahr macht die Jugendfeuerwehr Ausfl\u00fcge. Neben Besuchen bei  Berufsfeuerwehren stehen aber auch sportliche oder andere lustige  Freizeitaktivit\u00e4ten auf dem Plan. Im folgenden k\u00f6nnen Sie sich einen  Einblick in verschiedene Ausfl\u00fcge der Vergangenheit verschaffen. <\/p>\n\n\n\n<ul class=\"wp-block-list\"><li>\u00dcbungen <ul><li><a href=\"https:\/\/www.feuerwehr-iversheim.de\/?page_id=3723\">Berufsfeuerwehrtag 2015<\/a><\/li><li><a href=\"https:\/\/www.feuerwehr-iversheim.de\/?page_id=3727\">Knoten und Stiche<\/a><\/li><li><a href=\"https:\/\/www.feuerwehr-iversheim.de\/?page_id=3736\">Florianstag Arloff 2002<\/a> <\/li><\/ul><\/li><li>Ausfl\u00fcge <ul><li><a href=\"https:\/\/www.feuerwehr-iversheim.de\/?page_id=3739\">Leistungsspange 2014<\/a><\/li><li><a href=\"https:\/\/www.feuerwehr-iversheim.de\/?page_id=3766\">Phantasialand 2009<\/a><\/li><li><a href=\"https:\/\/www.feuerwehr-iversheim.de\/?page_id=3776\">Leistungsspange 2009<\/a><\/li><li><a href=\"https:\/\/www.feuerwehr-iversheim.de\/?page_id=3790\">Phantasialand 2008<\/a><\/li><li><a href=\"https:\/\/www.feuerwehr-iversheim.de\/?page_id=3793\">Besuch bei BASELL<\/a><\/li><li><a href=\"https:\/\/www.feuerwehr-iversheim.de\/?page_id=3851\">Kletterhalle<\/a><\/li><li><a href=\"https:\/\/www.feuerwehr-iversheim.de\/?page_id=3875\">Phantasialand 2007<\/a><\/li><\/ul><\/li><\/ul>\n","protected":false},"excerpt":{"rendered":"<p>Mit Spa\u00df l\u00f6schen lernen Die Jugendfeuerwehr h\u00e4lt im Jahr mehrere \u00dcbungen ab. Um auch in der \u00d6ffentlichkeit zeigen zu k\u00f6nnen, was Sie alles gelernt haben, nehmen die Jugendlichen an Schau\u00fcbung <a class=\"more-link\" href=\"https:\/\/www.feuerwehr-iversheim.de\/?page_id=3722\">Weiterlesen \u2192<\/a><\/p>\n","protected":false},"author":1,"featured_media":0,"parent":161,"menu_order":0,"comment_status":"closed","ping_status":"closed","template":"","meta":{"footnotes":""},"class_list":["post-3722","page","type-page","status-publish","hentry"],"_links":{"self":[{"href":"https:\/\/www.feuerwehr-iversheim.de\/index.php?rest_route=\/wp\/v2\/pages\/3722","targetHints":{"allow":["GET"]}}],"collection":[{"href":"https:\/\/www.feuerwehr-iversheim.de\/index.php?rest_route=\/wp\/v2\/pages"}],"about":[{"href":"https:\/\/www.feuerwehr-iversheim.de\/index.php?rest_route=\/wp\/v2\/types\/page"}],"author":[{"embeddable":true,"href":"https:\/\/www.feuerwehr-iversheim.de\/index.php?rest_route=\/wp\/v2\/users\/1"}],"replies":[{"embeddable":true,"href":"https:\/\/www.feuerwehr-iversheim.de\/index.php?rest_route=%2Fwp%2Fv2%2Fcomments&post=3722"}],"version-history":[{"count":4,"href":"https:\/\/www.feuerwehr-iversheim.de\/index.php?rest_route=\/wp\/v2\/pages\/3722\/revisions"}],"predecessor-version":[{"id":3887,"href":"https:\/\/www.feuerwehr-iversheim.de\/index.php?rest_route=\/wp\/v2\/pages\/3722\/revisions\/3887"}],"up":[{"embeddable":true,"href":"https:\/\/www.feuerwehr-iversheim.de\/index.php?rest_route=\/wp\/v2\/pages\/161"}],"wp:attachment":[{"href":"https:\/\/www.feuerwehr-iversheim.de\/index.php?rest_route=%2Fwp%2Fv2%2Fmedia&parent=3722"}],"curies":[{"name":"wp","href":"https:\/\/api.w.org\/{rel}","templated":true}]}}