{"id":3727,"date":"2019-02-05T22:04:58","date_gmt":"2019-02-05T21:04:58","guid":{"rendered":"https:\/\/www.feuerwehr-iversheim.de\/?page_id=3727"},"modified":"2019-02-05T22:04:59","modified_gmt":"2019-02-05T21:04:59","slug":"knoten-und-stiche","status":"publish","type":"page","link":"https:\/\/www.feuerwehr-iversheim.de\/?page_id=3727","title":{"rendered":"Knoten und Stiche"},"content":{"rendered":"\n<p><strong>Damit der Knoten schnell gelingt, ben\u00f6tigt man \u00dcbung!<\/strong><\/p>\n\n\n\n<p>Da bei der Arbeit der Feuerwehr Knoten und Stiche wichtig sind,  lernen die Jugendlichen der Jugendfeuerwehr diese flei\u00dfig. Sie m\u00fcssen  alle wichtigen Knoten und Stiche beim Namen nennen k\u00f6nnen und sie auch  legen bzw. stechen k\u00f6nnen. <\/p>\n\n\n\n<ul class=\"wp-block-gallery columns-2 is-cropped wp-block-gallery-1 is-layout-flex wp-block-gallery-is-layout-flex\"><li class=\"blocks-gallery-item\"><figure><img loading=\"lazy\" decoding=\"async\" width=\"307\" height=\"230\" src=\"https:\/\/www.feuerwehr-iversheim.de\/wp-content\/uploads\/2019\/02\/Knoten-und-Stiche-01.jpg\" alt=\"\" data-id=\"3728\" data-link=\"https:\/\/www.feuerwehr-iversheim.de\/?attachment_id=3728\" class=\"wp-image-3728\" srcset=\"https:\/\/www.feuerwehr-iversheim.de\/wp-content\/uploads\/2019\/02\/Knoten-und-Stiche-01.jpg 307w, https:\/\/www.feuerwehr-iversheim.de\/wp-content\/uploads\/2019\/02\/Knoten-und-Stiche-01-300x225.jpg 300w\" sizes=\"auto, (max-width: 307px) 100vw, 307px\" \/><\/figure><\/li><li class=\"blocks-gallery-item\"><figure><img loading=\"lazy\" decoding=\"async\" width=\"307\" height=\"230\" src=\"https:\/\/www.feuerwehr-iversheim.de\/wp-content\/uploads\/2019\/02\/Knoten-und-Stiche-02.jpg\" alt=\"\" data-id=\"3729\" data-link=\"https:\/\/www.feuerwehr-iversheim.de\/?attachment_id=3729\" class=\"wp-image-3729\" srcset=\"https:\/\/www.feuerwehr-iversheim.de\/wp-content\/uploads\/2019\/02\/Knoten-und-Stiche-02.jpg 307w, https:\/\/www.feuerwehr-iversheim.de\/wp-content\/uploads\/2019\/02\/Knoten-und-Stiche-02-300x225.jpg 300w\" sizes=\"auto, (max-width: 307px) 100vw, 307px\" \/><\/figure><\/li><\/ul>\n\n\n\n<p>Nachdem die Betreuer die Knoten vorgestellt haben, versuchen sich Jugendfeuerwehrm\u00e4nner und Frauen es einmal selbst.<\/p>\n\n\n\n<ul class=\"wp-block-gallery columns-2 is-cropped wp-block-gallery-2 is-layout-flex wp-block-gallery-is-layout-flex\"><li class=\"blocks-gallery-item\"><figure><img loading=\"lazy\" decoding=\"async\" width=\"307\" height=\"230\" src=\"https:\/\/www.feuerwehr-iversheim.de\/wp-content\/uploads\/2019\/02\/Knoten-und-Stiche-03.jpg\" alt=\"\" data-id=\"3730\" data-link=\"https:\/\/www.feuerwehr-iversheim.de\/?attachment_id=3730\" class=\"wp-image-3730\" srcset=\"https:\/\/www.feuerwehr-iversheim.de\/wp-content\/uploads\/2019\/02\/Knoten-und-Stiche-03.jpg 307w, https:\/\/www.feuerwehr-iversheim.de\/wp-content\/uploads\/2019\/02\/Knoten-und-Stiche-03-300x225.jpg 300w\" sizes=\"auto, (max-width: 307px) 100vw, 307px\" \/><\/figure><\/li><li class=\"blocks-gallery-item\"><figure><img loading=\"lazy\" decoding=\"async\" width=\"307\" height=\"230\" src=\"https:\/\/www.feuerwehr-iversheim.de\/wp-content\/uploads\/2019\/02\/Knoten-und-Stiche-04.jpg\" alt=\"\" data-id=\"3731\" data-link=\"https:\/\/www.feuerwehr-iversheim.de\/?attachment_id=3731\" class=\"wp-image-3731\" srcset=\"https:\/\/www.feuerwehr-iversheim.de\/wp-content\/uploads\/2019\/02\/Knoten-und-Stiche-04.jpg 307w, https:\/\/www.feuerwehr-iversheim.de\/wp-content\/uploads\/2019\/02\/Knoten-und-Stiche-04-300x225.jpg 300w\" sizes=\"auto, (max-width: 307px) 100vw, 307px\" \/><\/figure><\/li><\/ul>\n\n\n\n<p>Gar nicht so einfach das ganzen. Selbst die gro\u00dfen verknoten sich bei manchen Konten noch. Aber am Ende klappst!<\/p>\n\n\n\n<ul class=\"wp-block-gallery columns-2 is-cropped wp-block-gallery-3 is-layout-flex wp-block-gallery-is-layout-flex\"><li class=\"blocks-gallery-item\"><figure><img loading=\"lazy\" decoding=\"async\" width=\"307\" height=\"230\" src=\"https:\/\/www.feuerwehr-iversheim.de\/wp-content\/uploads\/2019\/02\/Knoten-und-Stiche-05.jpg\" alt=\"\" data-id=\"3732\" data-link=\"https:\/\/www.feuerwehr-iversheim.de\/?attachment_id=3732\" class=\"wp-image-3732\" srcset=\"https:\/\/www.feuerwehr-iversheim.de\/wp-content\/uploads\/2019\/02\/Knoten-und-Stiche-05.jpg 307w, https:\/\/www.feuerwehr-iversheim.de\/wp-content\/uploads\/2019\/02\/Knoten-und-Stiche-05-300x225.jpg 300w\" sizes=\"auto, (max-width: 307px) 100vw, 307px\" \/><\/figure><\/li><li class=\"blocks-gallery-item\"><figure><img loading=\"lazy\" decoding=\"async\" width=\"307\" height=\"230\" src=\"https:\/\/www.feuerwehr-iversheim.de\/wp-content\/uploads\/2019\/02\/Knoten-und-Stiche-06.jpg\" alt=\"\" data-id=\"3733\" data-link=\"https:\/\/www.feuerwehr-iversheim.de\/?attachment_id=3733\" class=\"wp-image-3733\" srcset=\"https:\/\/www.feuerwehr-iversheim.de\/wp-content\/uploads\/2019\/02\/Knoten-und-Stiche-06.jpg 307w, https:\/\/www.feuerwehr-iversheim.de\/wp-content\/uploads\/2019\/02\/Knoten-und-Stiche-06-300x225.jpg 300w\" sizes=\"auto, (max-width: 307px) 100vw, 307px\" \/><\/figure><\/li><\/ul>\n\n\n\n<p>Auch eine Saugleitung muss gesichert werden. Am Korb ein  Zimmermannsstich, hinter der ersten Kupplung ein Halbstich und danach  immer hinter vor jeder Kupplung ein Halbstich. Dann noch an der TS  anschlie\u00dfen und zu Wasser lassen. <\/p>\n","protected":false},"excerpt":{"rendered":"<p>Damit der Knoten schnell gelingt, ben\u00f6tigt man \u00dcbung! Da bei der Arbeit der Feuerwehr Knoten und Stiche wichtig sind, lernen die Jugendlichen der Jugendfeuerwehr diese flei\u00dfig. Sie m\u00fcssen alle wichtigen <a class=\"more-link\" href=\"https:\/\/www.feuerwehr-iversheim.de\/?page_id=3727\">Weiterlesen \u2192<\/a><\/p>\n","protected":false},"author":1,"featured_media":0,"parent":3722,"menu_order":0,"comment_status":"closed","ping_status":"closed","template":"","meta":{"footnotes":""},"class_list":["post-3727","page","type-page","status-publish","hentry"],"_links":{"self":[{"href":"https:\/\/www.feuerwehr-iversheim.de\/index.php?rest_route=\/wp\/v2\/pages\/3727","targetHints":{"allow":["GET"]}}],"collection":[{"href":"https:\/\/www.feuerwehr-iversheim.de\/index.php?rest_route=\/wp\/v2\/pages"}],"about":[{"href":"https:\/\/www.feuerwehr-iversheim.de\/index.php?rest_route=\/wp\/v2\/types\/page"}],"author":[{"embeddable":true,"href":"https:\/\/www.feuerwehr-iversheim.de\/index.php?rest_route=\/wp\/v2\/users\/1"}],"replies":[{"embeddable":true,"href":"https:\/\/www.feuerwehr-iversheim.de\/index.php?rest_route=%2Fwp%2Fv2%2Fcomments&post=3727"}],"version-history":[{"count":1,"href":"https:\/\/www.feuerwehr-iversheim.de\/index.php?rest_route=\/wp\/v2\/pages\/3727\/revisions"}],"predecessor-version":[{"id":3734,"href":"https:\/\/www.feuerwehr-iversheim.de\/index.php?rest_route=\/wp\/v2\/pages\/3727\/revisions\/3734"}],"up":[{"embeddable":true,"href":"https:\/\/www.feuerwehr-iversheim.de\/index.php?rest_route=\/wp\/v2\/pages\/3722"}],"wp:attachment":[{"href":"https:\/\/www.feuerwehr-iversheim.de\/index.php?rest_route=%2Fwp%2Fv2%2Fmedia&parent=3727"}],"curies":[{"name":"wp","href":"https:\/\/api.w.org\/{rel}","templated":true}]}}