{"id":3908,"date":"2019-02-11T10:31:12","date_gmt":"2019-02-11T09:31:12","guid":{"rendered":"https:\/\/www.feuerwehr-iversheim.de\/?page_id=3908"},"modified":"2019-02-11T10:31:13","modified_gmt":"2019-02-11T09:31:13","slug":"kohlenmonoxid","status":"publish","type":"page","link":"https:\/\/www.feuerwehr-iversheim.de\/?page_id=3908","title":{"rendered":"Kohlenmonoxid"},"content":{"rendered":"\n<div class=\"wp-block-image\"><figure class=\"alignleft\"><img loading=\"lazy\" decoding=\"async\" width=\"300\" height=\"250\" src=\"https:\/\/www.feuerwehr-iversheim.de\/wp-content\/uploads\/2019\/02\/Kohlenmonoxid-300x250.png\" alt=\"\" class=\"wp-image-3909\" srcset=\"https:\/\/www.feuerwehr-iversheim.de\/wp-content\/uploads\/2019\/02\/Kohlenmonoxid-300x250.png 300w, https:\/\/www.feuerwehr-iversheim.de\/wp-content\/uploads\/2019\/02\/Kohlenmonoxid.png 336w\" sizes=\"auto, (max-width: 300px) 100vw, 300px\" \/><\/figure><\/div>\n\n\n\n<p><strong>CO macht K.O. <\/strong><\/p>\n\n\n\n<p>Kohlenstoffmonoxid, kurz Kohlenmonoxid (CO), ist ein gef\u00e4hrliches  Atemgift, das man nicht sehen, riechen oder schmecken kann. Betroffene  bemerken nicht, wenn sie Kohlenmonoxid einatmen, denn es gibt keine  typischen Symptome wie Husten oder Atemnot. Dar\u00fcber hinaus kann das Gas  m\u00fchelos durch W\u00e4nde oder Fu\u00dfb\u00f6den dringen, so dass es auch in R\u00e4umen  auftritt, in denen sich keine potenzielle CO-Gefahrenquelle befindet.  Alle Faktoren zusammengenommen machen CO so heimt\u00fcckisch. Abh\u00e4ngig von  der Konzentration in der Raumluft kann eine Kohlenmonoxidvergiftung zu  erheblichen Beschwerden, Bewusstlosigkeit und zu massiven  gesundheitlichen Sp\u00e4tfolgen bis hin zum Tod f\u00fchren.<\/p>\n\n\n\n<p><a href=\"https:\/\/www.co-macht-ko.de\" target=\"_blank\" rel=\"noreferrer noopener\" aria-label=\">>Hier<< (\u00f6ffnet in neuem Tab)\">>>Hier&lt;&lt;<\/a> die Homepage Initiative zur Pr\u00e4vention von Kohlenmonoxid-Vergiftungen<\/p>\n","protected":false},"excerpt":{"rendered":"<p>CO macht K.O. Kohlenstoffmonoxid, kurz Kohlenmonoxid (CO), ist ein gef\u00e4hrliches Atemgift, das man nicht sehen, riechen oder schmecken kann. Betroffene bemerken nicht, wenn sie Kohlenmonoxid einatmen, denn es gibt keine <a class=\"more-link\" href=\"https:\/\/www.feuerwehr-iversheim.de\/?page_id=3908\">Weiterlesen \u2192<\/a><\/p>\n","protected":false},"author":1,"featured_media":0,"parent":147,"menu_order":0,"comment_status":"closed","ping_status":"closed","template":"","meta":{"footnotes":""},"class_list":["post-3908","page","type-page","status-publish","hentry"],"_links":{"self":[{"href":"https:\/\/www.feuerwehr-iversheim.de\/index.php?rest_route=\/wp\/v2\/pages\/3908","targetHints":{"allow":["GET"]}}],"collection":[{"href":"https:\/\/www.feuerwehr-iversheim.de\/index.php?rest_route=\/wp\/v2\/pages"}],"about":[{"href":"https:\/\/www.feuerwehr-iversheim.de\/index.php?rest_route=\/wp\/v2\/types\/page"}],"author":[{"embeddable":true,"href":"https:\/\/www.feuerwehr-iversheim.de\/index.php?rest_route=\/wp\/v2\/users\/1"}],"replies":[{"embeddable":true,"href":"https:\/\/www.feuerwehr-iversheim.de\/index.php?rest_route=%2Fwp%2Fv2%2Fcomments&post=3908"}],"version-history":[{"count":2,"href":"https:\/\/www.feuerwehr-iversheim.de\/index.php?rest_route=\/wp\/v2\/pages\/3908\/revisions"}],"predecessor-version":[{"id":3911,"href":"https:\/\/www.feuerwehr-iversheim.de\/index.php?rest_route=\/wp\/v2\/pages\/3908\/revisions\/3911"}],"up":[{"embeddable":true,"href":"https:\/\/www.feuerwehr-iversheim.de\/index.php?rest_route=\/wp\/v2\/pages\/147"}],"wp:attachment":[{"href":"https:\/\/www.feuerwehr-iversheim.de\/index.php?rest_route=%2Fwp%2Fv2%2Fmedia&parent=3908"}],"curies":[{"name":"wp","href":"https:\/\/api.w.org\/{rel}","templated":true}]}}