{"id":836,"date":"2017-06-21T13:41:24","date_gmt":"2017-06-21T11:41:24","guid":{"rendered":"http:\/\/www.feuerwehr-iversheim.de\/?page_id=836"},"modified":"2024-04-09T09:41:49","modified_gmt":"2024-04-09T07:41:49","slug":"links","status":"publish","type":"page","link":"https:\/\/www.feuerwehr-iversheim.de\/?page_id=836","title":{"rendered":"Links"},"content":{"rendered":"<p>Iversheim Vereine:<\/p>\n<p><a href=\"https:\/\/www.kg-iversheim.de\/\" target=\"_blank\" rel=\"noopener\">Karnevalsgesellschaft Rot-Wei\u00df Iversheim 1996 e.V.<\/a><\/p>\n<p><a href=\"https:\/\/www.dvi-iversheim.de\/\" target=\"_blank\" rel=\"noopener\">Dorfversch\u00f6nerungsverein Iversheim<\/a><\/p>\n<p>Iversheim Gewerbe:<\/p>\n<p><a href=\"https:\/\/www.peter-greven.de\/\" target=\"_blank\" rel=\"noopener\">Peter Greven Fettchemie<\/a><\/p>\n<p><a href=\"http:\/\/www.gerards-gmbh.de\" target=\"_blank\" rel=\"noopener\">Gerards Heizung u. Sanit\u00e4rtechnik<\/a><\/p>\n<p><a href=\"http:\/\/www.kolvenbach.de\/\" target=\"_blank\" rel=\"noopener\">Ralf Kolvenbach<\/a><\/p>\n<p><a href=\"https:\/\/www.modern-art-malermeister.de\/\" target=\"_blank\" rel=\"noopener\">Modern Art Malerbetrieb<\/a><\/p>\n<p><a href=\"https:\/\/www.formart-holzbearbeitung.de\/\" target=\"_blank\" rel=\"noopener\">formART Holzbearbeitung<\/a><\/p>\n<p><a href=\"https:\/\/www.aufsperr-profi.de\/\" target=\"_blank\" rel=\"noopener\">Aufsperr-Profi &#8211; Schl\u00fcsselnotdienst<\/a><\/p>\n<p><a href=\"https:\/\/www.schinken-haas.de\/\" target=\"_blank\" rel=\"noopener\">Schinken Haas<\/a><\/p>\n<p><a href=\"https:\/\/www.wilhelm-lambertz.de\/\" target=\"_blank\" rel=\"noopener\">Wilhelm Lambertz Meisterbetrieb Heizung &amp; Sanit\u00e4r<\/a><\/p>\n<p>Feuerwehren:<\/p>\n<p><a href=\"http:\/\/feuerwehr-arloff.de\/\" target=\"_blank\" rel=\"noopener\">L\u00f6schgruppe Arloff-Kirspenich<\/a><\/p>\n<p><a href=\"http:\/\/www.hohn-kolvenbach.de\/feuerwehr.htm\" target=\"_blank\" rel=\"noopener\">L\u00f6schgruppe Hohn-Kolvenbach<\/a><\/p>\n<p><a href=\"http:\/\/www.feuerwehr-mahlberg.org\" target=\"_blank\" rel=\"noopener\">L\u00f6schgruppe Mahlberg<\/a><\/p>\n<p>Sonstige:<\/p>\n<p><a href=\"http:\/\/www.bad-muenstereifel.de\" target=\"_blank\" rel=\"noopener\">Stadt Bad M\u00fcnstereifel<\/a><\/p>\n","protected":false},"excerpt":{"rendered":"<p>Iversheim Vereine: Karnevalsgesellschaft Rot-Wei\u00df Iversheim 1996 e.V. Dorfversch\u00f6nerungsverein Iversheim Iversheim Gewerbe: Peter Greven Fettchemie Gerards Heizung u. Sanit\u00e4rtechnik Ralf Kolvenbach Modern Art Malerbetrieb formART Holzbearbeitung Aufsperr-Profi &#8211; Schl\u00fcsselnotdienst Schinken Haas <a class=\"more-link\" href=\"https:\/\/www.feuerwehr-iversheim.de\/?page_id=836\">Weiterlesen \u2192<\/a><\/p>\n","protected":false},"author":1,"featured_media":0,"parent":170,"menu_order":0,"comment_status":"closed","ping_status":"closed","template":"","meta":{"footnotes":""},"class_list":["post-836","page","type-page","status-publish","hentry"],"_links":{"self":[{"href":"https:\/\/www.feuerwehr-iversheim.de\/index.php?rest_route=\/wp\/v2\/pages\/836","targetHints":{"allow":["GET"]}}],"collection":[{"href":"https:\/\/www.feuerwehr-iversheim.de\/index.php?rest_route=\/wp\/v2\/pages"}],"about":[{"href":"https:\/\/www.feuerwehr-iversheim.de\/index.php?rest_route=\/wp\/v2\/types\/page"}],"author":[{"embeddable":true,"href":"https:\/\/www.feuerwehr-iversheim.de\/index.php?rest_route=\/wp\/v2\/users\/1"}],"replies":[{"embeddable":true,"href":"https:\/\/www.feuerwehr-iversheim.de\/index.php?rest_route=%2Fwp%2Fv2%2Fcomments&post=836"}],"version-history":[{"count":13,"href":"https:\/\/www.feuerwehr-iversheim.de\/index.php?rest_route=\/wp\/v2\/pages\/836\/revisions"}],"predecessor-version":[{"id":4825,"href":"https:\/\/www.feuerwehr-iversheim.de\/index.php?rest_route=\/wp\/v2\/pages\/836\/revisions\/4825"}],"up":[{"embeddable":true,"href":"https:\/\/www.feuerwehr-iversheim.de\/index.php?rest_route=\/wp\/v2\/pages\/170"}],"wp:attachment":[{"href":"https:\/\/www.feuerwehr-iversheim.de\/index.php?rest_route=%2Fwp%2Fv2%2Fmedia&parent=836"}],"curies":[{"name":"wp","href":"https:\/\/api.w.org\/{rel}","templated":true}]}}